
{"id":4108,"date":"2021-09-16T14:49:05","date_gmt":"2021-09-16T12:49:05","guid":{"rendered":"https:\/\/www.rail-investigation.be\/?page_id=4108"},"modified":"2021-09-16T14:49:05","modified_gmt":"2021-09-16T12:49:05","slug":"jahresberichte","status":"publish","type":"page","link":"https:\/\/www.rail-investigation.be\/de\/jahresberichte\/","title":{"rendered":"Jahresberichte"},"content":{"rendered":"<p>Der Bericht gibt einen \u00dcberblick \u00fcber die Aktivit\u00e4ten der Untersuchungsstelle f\u00fcr Eisenbahnunfalle und -ereignisse im vergangenen Jahr.<\/p>\r\n<p><\/p>\r\n<div id=\"\" class=\"wp-block-ugb-feature-grid ugb-feature-grid ugb-8e4fe98 ugb-feature-grid--v2 ugb-feature-grid--columns-3 ugb-feature-grid--design-basic ugb-main-block\">\r\n<div class=\"ugb-inner-block\">\r\n<div class=\"ugb-block-content\">\r\n<div class=\"ugb-feature-grid__item ugb-feature-grid__item1\">\r\n<div class=\"ugb-feature-grid__image\"><img loading=\"lazy\" decoding=\"async\" width=\"1024\" height=\"729\" class=\"ugb-img wp-image-1851\" src=\"http:\/\/www.rail-investigation.be\/wp-content\/uploads\/2020\/03\/cover_RA2018_FR-1024x729.jpg\" alt=\"Rapport annuel 2018\" srcset=\"https:\/\/www.rail-investigation.be\/wp-content\/uploads\/2020\/03\/cover_RA2018_FR-1024x729.jpg 1024w, https:\/\/www.rail-investigation.be\/wp-content\/uploads\/2020\/03\/cover_RA2018_FR-300x214.jpg 300w, https:\/\/www.rail-investigation.be\/wp-content\/uploads\/2020\/03\/cover_RA2018_FR-768x547.jpg 768w, https:\/\/www.rail-investigation.be\/wp-content\/uploads\/2020\/03\/cover_RA2018_FR.jpg 1242w\" sizes=\"auto, (max-width: 1024px) 100vw, 1024px\" \/><\/div>\r\n<div class=\"ugb-feature-grid__content\">\r\n<h5 class=\"ugb-feature-grid__title\">Jahresbericht 2018<\/h5>\r\n<p class=\"ugb-feature-grid__description\">Aktivit\u00e4tsbericht der Untersuchungsstelle f\u00fcr Eisenbahnunf\u00e4lle und -ereignisse des Jahres 2018<\/p>\r\n<div class=\"ugb-button-container\"><a class=\"ugb-button ugb-button--size-normal ugb-button--design-plain\" href=\"\/wp-content\/uploads\/2020\/03\/rapport_fr_2018.pdf\" target=\"_blank\" rel=\"noopener noreferrer\"><span class=\"ugb-button--inner\">Download<\/span><\/a><\/div>\r\n<\/div>\r\n<\/div>\r\n<div class=\"ugb-feature-grid__item ugb-feature-grid__item2\">\r\n<div class=\"ugb-feature-grid__image\"><img loading=\"lazy\" decoding=\"async\" width=\"1024\" height=\"725\" class=\"ugb-img wp-image-1869\" src=\"http:\/\/www.rail-investigation.be\/wp-content\/uploads\/2020\/03\/cover_RA2017_FR-1024x725.jpg\" alt=\"Rapport annuel 2017\" srcset=\"https:\/\/www.rail-investigation.be\/wp-content\/uploads\/2020\/03\/cover_RA2017_FR-1024x725.jpg 1024w, https:\/\/www.rail-investigation.be\/wp-content\/uploads\/2020\/03\/cover_RA2017_FR-300x212.jpg 300w, https:\/\/www.rail-investigation.be\/wp-content\/uploads\/2020\/03\/cover_RA2017_FR-768x544.jpg 768w, https:\/\/www.rail-investigation.be\/wp-content\/uploads\/2020\/03\/cover_RA2017_FR.jpg 1249w\" sizes=\"auto, (max-width: 1024px) 100vw, 1024px\" \/><\/div>\r\n<div class=\"ugb-feature-grid__content\">\r\n<h5 class=\"ugb-feature-grid__title\">Jahresbericht 2017<\/h5>\r\n<p class=\"ugb-feature-grid__description\">Aktivit\u00e4tsbericht der Untersuchungsstelle f\u00fcr Eisenbahnunf\u00e4lle und -ereignisse des Jahres 2017<\/p>\r\n<div class=\"ugb-button-container\"><a class=\"ugb-button ugb-button--size-normal ugb-button--design-plain\" href=\"\/wp-content\/uploads\/2020\/03\/rapport_fr_2017.pdf\" target=\"_blank\" rel=\"noopener noreferrer\"><span class=\"ugb-button--inner\">Download<\/span><\/a><\/div>\r\n<\/div>\r\n<\/div>\r\n<div class=\"ugb-feature-grid__item ugb-feature-grid__item3\">\r\n<div class=\"ugb-feature-grid__image\"><img loading=\"lazy\" decoding=\"async\" width=\"1024\" height=\"722\" class=\"ugb-img wp-image-1865\" src=\"http:\/\/www.rail-investigation.be\/wp-content\/uploads\/2020\/03\/cover_RA2016_FR-1024x722.jpg\" alt=\"Rapport annuel 2016\" srcset=\"https:\/\/www.rail-investigation.be\/wp-content\/uploads\/2020\/03\/cover_RA2016_FR-1024x722.jpg 1024w, https:\/\/www.rail-investigation.be\/wp-content\/uploads\/2020\/03\/cover_RA2016_FR-300x212.jpg 300w, https:\/\/www.rail-investigation.be\/wp-content\/uploads\/2020\/03\/cover_RA2016_FR-768x542.jpg 768w, https:\/\/www.rail-investigation.be\/wp-content\/uploads\/2020\/03\/cover_RA2016_FR.jpg 1249w\" sizes=\"auto, (max-width: 1024px) 100vw, 1024px\" \/><\/div>\r\n<div class=\"ugb-feature-grid__content\">\r\n<h5 class=\"ugb-feature-grid__title\">Jahresbericht 2016<\/h5>\r\n<p class=\"ugb-feature-grid__description\">Aktivit\u00e4tsbericht der Untersuchungsstelle f\u00fcr Eisenbahnunf\u00e4lle und -ereignisse des Jahres 2016<\/p>\r\n<div class=\"ugb-button-container\"><a class=\"ugb-button ugb-button--size-normal ugb-button--design-plain\" href=\"\/wp-content\/uploads\/2020\/03\/rapport_fr_2016.pdf\" target=\"_blank\" rel=\"noopener noreferrer\"><span class=\"ugb-button--inner\">Download<\/span><\/a><\/div>\r\n<\/div>\r\n<\/div>\r\n<\/div>\r\n<\/div>\r\n<\/div>\r\n<p><\/p>\r\n<p><\/p>\r\n<div id=\"\" class=\"wp-block-ugb-feature-grid ugb-feature-grid ugb-b327462 ugb-feature-grid--v2 ugb-feature-grid--columns-3 ugb-feature-grid--design-basic ugb-main-block\">\r\n<div class=\"ugb-inner-block\">\r\n<div class=\"ugb-block-content\">\r\n<div class=\"ugb-feature-grid__item ugb-feature-grid__item1\">\r\n<div class=\"ugb-feature-grid__image\"><img loading=\"lazy\" decoding=\"async\" width=\"1024\" height=\"724\" class=\"ugb-img wp-image-1861\" src=\"http:\/\/www.rail-investigation.be\/wp-content\/uploads\/2020\/03\/cover_RA2015_FR-1024x724.jpg\" alt=\"Rapport annuel 2015\" srcset=\"https:\/\/www.rail-investigation.be\/wp-content\/uploads\/2020\/03\/cover_RA2015_FR-1024x724.jpg 1024w, https:\/\/www.rail-investigation.be\/wp-content\/uploads\/2020\/03\/cover_RA2015_FR-300x212.jpg 300w, https:\/\/www.rail-investigation.be\/wp-content\/uploads\/2020\/03\/cover_RA2015_FR-768x543.jpg 768w, https:\/\/www.rail-investigation.be\/wp-content\/uploads\/2020\/03\/cover_RA2015_FR.jpg 1247w\" sizes=\"auto, (max-width: 1024px) 100vw, 1024px\" \/><\/div>\r\n<div class=\"ugb-feature-grid__content\">\r\n<h5 class=\"ugb-feature-grid__title\">Jahresbericht 2015<\/h5>\r\n<p class=\"ugb-feature-grid__description\">Aktivit\u00e4tsbericht der Untersuchungsstelle f\u00fcr Eisenbahnunf\u00e4lle und -ereignisse des Jahres 2015.<\/p>\r\n<div class=\"ugb-button-container\"><a class=\"ugb-button ugb-button--size-normal ugb-button--design-plain\" href=\"\/wp-content\/uploads\/2020\/03\/rapport_fr_2015.pdf\" target=\"_blank\" rel=\"noopener noreferrer\"><span class=\"ugb-button--inner\">Download<\/span><\/a><\/div>\r\n<\/div>\r\n<\/div>\r\n<div class=\"ugb-feature-grid__item ugb-feature-grid__item2\">\r\n<div class=\"ugb-feature-grid__image\"><img loading=\"lazy\" decoding=\"async\" width=\"622\" height=\"880\" class=\"ugb-img wp-image-1857\" src=\"http:\/\/www.rail-investigation.be\/wp-content\/uploads\/2020\/03\/cover_RA2014_FR.jpg\" alt=\"Rapport annuel 2014\" srcset=\"https:\/\/www.rail-investigation.be\/wp-content\/uploads\/2020\/03\/cover_RA2014_FR.jpg 622w, https:\/\/www.rail-investigation.be\/wp-content\/uploads\/2020\/03\/cover_RA2014_FR-212x300.jpg 212w\" sizes=\"auto, (max-width: 622px) 100vw, 622px\" \/><\/div>\r\n<div class=\"ugb-feature-grid__content\">\r\n<h5 class=\"ugb-feature-grid__title\">Jahresbericht 2014<\/h5>\r\n<p class=\"ugb-feature-grid__description\">Aktivit\u00e4tsbericht der Untersuchungsstelle f\u00fcr Eisenbahnunf\u00e4lle und -ereignisse des Jahres 2014.<\/p>\r\n<div class=\"ugb-button-container\"><a class=\"ugb-button ugb-button--size-normal ugb-button--design-plain\" href=\"\/wp-content\/uploads\/2020\/03\/rapport_fr_2014.pdf\" target=\"_blank\" rel=\"noopener noreferrer\"><span class=\"ugb-button--inner\">Download<\/span><\/a><\/div>\r\n<\/div>\r\n<\/div>\r\n<div class=\"ugb-feature-grid__item ugb-feature-grid__item3\">\r\n<div class=\"ugb-feature-grid__image\"><img loading=\"lazy\" decoding=\"async\" width=\"1024\" height=\"727\" class=\"ugb-img wp-image-1967\" src=\"http:\/\/www.rail-investigation.be\/wp-content\/uploads\/2020\/03\/cover_RA2013-1024x727.jpg\" alt=\"Rapport annuel 2013\" srcset=\"https:\/\/www.rail-investigation.be\/wp-content\/uploads\/2020\/03\/cover_RA2013-1024x727.jpg 1024w, https:\/\/www.rail-investigation.be\/wp-content\/uploads\/2020\/03\/cover_RA2013-300x213.jpg 300w, https:\/\/www.rail-investigation.be\/wp-content\/uploads\/2020\/03\/cover_RA2013-768x545.jpg 768w, https:\/\/www.rail-investigation.be\/wp-content\/uploads\/2020\/03\/cover_RA2013.jpg 1244w\" sizes=\"auto, (max-width: 1024px) 100vw, 1024px\" \/><\/div>\r\n<div class=\"ugb-feature-grid__content\">\r\n<h5 class=\"ugb-feature-grid__title\">Jahresbericht 2013<\/h5>\r\n<p class=\"ugb-feature-grid__description\">Aktivit\u00e4tsbericht der Untersuchungsstelle f\u00fcr Eisenbahnunf\u00e4lle und -ereignisse des Jahres 2013.<\/p>\r\n<div class=\"ugb-button-container\"><a class=\"ugb-button ugb-button--size-normal ugb-button--design-plain\" href=\"\/wp-content\/uploads\/2020\/03\/rapport_annuel_2013.pdf\" target=\"_blank\" rel=\"noopener noreferrer\"><span class=\"ugb-button--inner\">Download<\/span><\/a><\/div>\r\n<\/div>\r\n<\/div>\r\n<\/div>\r\n<\/div>\r\n<\/div>\r\n<p><\/p>\r\n<p><\/p>\r\n<div id=\"\" class=\"wp-block-ugb-feature-grid ugb-feature-grid ugb-6a56ae8 ugb-feature-grid--v2 ugb-feature-grid--columns-3 ugb-feature-grid--design-basic ugb-main-block\">\r\n<div class=\"ugb-inner-block\">\r\n<div class=\"ugb-block-content\">\r\n<div class=\"ugb-feature-grid__item ugb-feature-grid__item1\">\r\n<div class=\"ugb-feature-grid__image\"><img loading=\"lazy\" decoding=\"async\" width=\"1024\" height=\"725\" class=\"ugb-img wp-image-1963\" src=\"http:\/\/www.rail-investigation.be\/wp-content\/uploads\/2020\/03\/cover_RA2012-1024x725.jpg\" alt=\"Rapport annuel 2012\" srcset=\"https:\/\/www.rail-investigation.be\/wp-content\/uploads\/2020\/03\/cover_RA2012-1024x725.jpg 1024w, https:\/\/www.rail-investigation.be\/wp-content\/uploads\/2020\/03\/cover_RA2012-300x213.jpg 300w, https:\/\/www.rail-investigation.be\/wp-content\/uploads\/2020\/03\/cover_RA2012-768x544.jpg 768w, https:\/\/www.rail-investigation.be\/wp-content\/uploads\/2020\/03\/cover_RA2012.jpg 1245w\" sizes=\"auto, (max-width: 1024px) 100vw, 1024px\" \/><\/div>\r\n<div class=\"ugb-feature-grid__content\">\r\n<h5 class=\"ugb-feature-grid__title\">Jahresbericht 2012<\/h5>\r\n<p class=\"ugb-feature-grid__description\">Aktivit\u00e4tsbericht der Untersuchungsstelle f\u00fcr Eisenbahnunf\u00e4lle und -ereignisse des Jahres 2012.<\/p>\r\n<div class=\"ugb-button-container\"><a class=\"ugb-button ugb-button--size-normal ugb-button--design-plain\" href=\"\/wp-content\/uploads\/2020\/03\/rapport_annuel_2012.pdf\" target=\"_blank\" rel=\"noopener noreferrer\"><span class=\"ugb-button--inner\">Download<\/span><\/a><\/div>\r\n<\/div>\r\n<\/div>\r\n<div class=\"ugb-feature-grid__item ugb-feature-grid__item2\">\r\n<div class=\"ugb-feature-grid__image\"><img loading=\"lazy\" decoding=\"async\" width=\"621\" height=\"877\" class=\"ugb-img wp-image-1959\" src=\"http:\/\/www.rail-investigation.be\/wp-content\/uploads\/2020\/03\/cover_RA2011.jpg\" alt=\" Rapport annuel 2011\" srcset=\"https:\/\/www.rail-investigation.be\/wp-content\/uploads\/2020\/03\/cover_RA2011.jpg 621w, https:\/\/www.rail-investigation.be\/wp-content\/uploads\/2020\/03\/cover_RA2011-212x300.jpg 212w\" sizes=\"auto, (max-width: 621px) 100vw, 621px\" \/><\/div>\r\n<div class=\"ugb-feature-grid__content\">\r\n<h5 class=\"ugb-feature-grid__title\">Jahresbericht 2011<\/h5>\r\n<p class=\"ugb-feature-grid__description\">Aktivit\u00e4tsbericht der Untersuchungsstelle f\u00fcr Eisenbahnunf\u00e4lle und -ereignisse des Jahres 2011.<\/p>\r\n<div class=\"ugb-button-container\"><a class=\"ugb-button ugb-button--size-normal ugb-button--design-plain\" href=\"\/wp-content\/uploads\/2020\/03\/rapport_annuel_2011.pdf\" target=\"_blank\" rel=\"noopener noreferrer\"><span class=\"ugb-button--inner\">Download<\/span><\/a><\/div>\r\n<\/div>\r\n<\/div>\r\n<div class=\"ugb-feature-grid__item ugb-feature-grid__item3\">\r\n<div class=\"ugb-feature-grid__image\"><img loading=\"lazy\" decoding=\"async\" width=\"623\" height=\"880\" class=\"ugb-img wp-image-1955\" src=\"http:\/\/www.rail-investigation.be\/wp-content\/uploads\/2020\/03\/cover_RA2010.jpg\" alt=\" Rapport annuel 2010\" srcset=\"https:\/\/www.rail-investigation.be\/wp-content\/uploads\/2020\/03\/cover_RA2010.jpg 623w, https:\/\/www.rail-investigation.be\/wp-content\/uploads\/2020\/03\/cover_RA2010-212x300.jpg 212w\" sizes=\"auto, (max-width: 623px) 100vw, 623px\" \/><\/div>\r\n<div class=\"ugb-feature-grid__content\">\r\n<h5 class=\"ugb-feature-grid__title\">Jahresbericht 2010<\/h5>\r\n<p class=\"ugb-feature-grid__description\">Aktivit\u00e4tsbericht der Untersuchungsstelle f\u00fcr Eisenbahnunf\u00e4lle und -ereignisse des Jahres 2010<\/p>\r\n<div class=\"ugb-button-container\"><a class=\"ugb-button ugb-button--size-normal ugb-button--design-plain\" href=\"\/wp-content\/uploads\/2020\/03\/rapport_annuel_2010.pdf\" target=\"_blank\" rel=\"noopener noreferrer\"><span class=\"ugb-button--inner\">Download<\/span><\/a><\/div>\r\n<\/div>\r\n<\/div>\r\n<\/div>\r\n<\/div>\r\n<\/div>\r\n<p><\/p>\r\n<p><\/p>\r\n<div id=\"\" class=\"aligncenter wp-block-ugb-feature-grid ugb-feature-grid ugb-ad2145a ugb-feature-grid--v2 ugb-feature-grid--columns-3 ugb-feature-grid--design-basic ugb-main-block\">\r\n<style>.ugb-ad2145a .ugb-img,.ugb-ad2145a .ugb-feature-grid__image{margin-left:auto !important;margin-right:auto !important}<\/style>\r\n<div class=\"ugb-inner-block\">\r\n<div class=\"ugb-block-content\">\r\n<div class=\"ugb-feature-grid__item ugb-feature-grid__item1\">\r\n<div class=\"ugb-feature-grid__image\"><img loading=\"lazy\" decoding=\"async\" width=\"621\" height=\"880\" class=\"ugb-img wp-image-1951\" src=\"http:\/\/www.rail-investigation.be\/wp-content\/uploads\/2020\/03\/cover_RA2009.jpg\" alt=\"Rapport annuel 2009\" srcset=\"https:\/\/www.rail-investigation.be\/wp-content\/uploads\/2020\/03\/cover_RA2009.jpg 621w, https:\/\/www.rail-investigation.be\/wp-content\/uploads\/2020\/03\/cover_RA2009-212x300.jpg 212w\" sizes=\"auto, (max-width: 621px) 100vw, 621px\" \/><\/div>\r\n<div class=\"ugb-feature-grid__content\">\r\n<h5 class=\"ugb-feature-grid__title\">Jahresbericht 2009<\/h5>\r\n<p class=\"ugb-feature-grid__description\">Aktivit\u00e4tsbericht der Untersuchungsstelle f\u00fcr Eisenbahnunf\u00e4lle und -ereignisse des Jahres 2009.<\/p>\r\n<div class=\"ugb-button-container\"><a class=\"ugb-button ugb-button--size-normal ugb-button--design-plain\" href=\"\/wp-content\/uploads\/2020\/03\/rapport_annuel_2009.pdf\" target=\"_blank\" rel=\"noopener noreferrer\"><span class=\"ugb-button--inner\">Download<\/span><\/a><\/div>\r\n<\/div>\r\n<\/div>\r\n<div class=\"ugb-feature-grid__item ugb-feature-grid__item2\">\r\n<div class=\"ugb-feature-grid__image\"><img loading=\"lazy\" decoding=\"async\" width=\"1\" height=\"1\" class=\"ugb-img wp-image-2013\" src=\"http:\/\/www.rail-investigation.be\/wp-content\/uploads\/2020\/03\/1x1.jpg\" alt=\" \" \/><\/div>\r\n<div class=\"ugb-feature-grid__content\">\r\n<h5 class=\"ugb-feature-grid__title\">\u00a0<\/h5>\r\n<div class=\"ugb-button-container\">\u00a0<\/div>\r\n<\/div>\r\n<\/div>\r\n<div class=\"ugb-feature-grid__item ugb-feature-grid__item3\">\r\n<div class=\"ugb-feature-grid__image\"><img loading=\"lazy\" decoding=\"async\" width=\"1\" height=\"1\" class=\"ugb-img wp-image-2013\" src=\"http:\/\/www.rail-investigation.be\/wp-content\/uploads\/2020\/03\/1x1.jpg\" alt=\" \" \/><\/div>\r\n<div class=\"ugb-feature-grid__content\">\r\n<h5 class=\"ugb-feature-grid__title\">\u00a0<\/h5>\r\n<div class=\"ugb-button-container\">\u00a0<\/div>\r\n<\/div>\r\n<\/div>\r\n<\/div>\r\n<\/div>\r\n<\/div>\r\n<p><\/p>","protected":false},"excerpt":{"rendered":"<p>Der Bericht gibt einen \u00dcberblick \u00fcber die Aktivit\u00e4ten der Untersuchungsstelle f\u00fcr Eisenbahnunfalle und -ereignisse im vergangenen Jahr. Jahresbericht 2018 Aktivit\u00e4tsbericht der Untersuchungsstelle f\u00fcr Eisenbahnunf\u00e4lle und -ereignisse des Jahres 2018 Download Jahresbericht 2017 Aktivit\u00e4tsbericht der Untersuchungsstelle f\u00fcr Eisenbahnunf\u00e4lle und -ereignisse des Jahres 2017 Download Jahresbericht 2016 Aktivit\u00e4tsbericht der Untersuchungsstelle f\u00fcr Eisenbahnunf\u00e4lle und -ereignisse des Jahres 2016<\/p>\n","protected":false},"author":7,"featured_media":0,"parent":0,"menu_order":0,"comment_status":"closed","ping_status":"closed","template":"","meta":{"_acf_changed":false,"footnotes":""},"class_list":["post-4108","page","type-page","status-publish","hentry"],"acf":[],"featured_image_urls_v2":{"full":"","thumbnail":"","medium":"","medium_large":"","large":"","1536x1536":"","2048x2048":""},"post_excerpt_stackable_v2":"<p>Der Bericht gibt einen \u00dcberblick \u00fcber die Aktivit\u00e4ten der Untersuchungsstelle f\u00fcr Eisenbahnunfalle und -ereignisse im vergangenen Jahr. Jahresbericht 2018 Aktivit\u00e4tsbericht der Untersuchungsstelle f\u00fcr Eisenbahnunf\u00e4lle und -ereignisse des Jahres 2018 Download Jahresbericht 2017 Aktivit\u00e4tsbericht der Untersuchungsstelle f\u00fcr Eisenbahnunf\u00e4lle und -ereignisse des Jahres 2017 Download Jahresbericht 2016 Aktivit\u00e4tsbericht der Untersuchungsstelle f\u00fcr Eisenbahnunf\u00e4lle und -ereignisse des Jahres 2016 Download Jahresbericht 2015 Aktivit\u00e4tsbericht der Untersuchungsstelle f\u00fcr Eisenbahnunf\u00e4lle und -ereignisse des Jahres 2015. Download Jahresbericht 2014 Aktivit\u00e4tsbericht der Untersuchungsstelle f\u00fcr Eisenbahnunf\u00e4lle und -ereignisse des Jahres 2014. Download Jahresbericht 2013 Aktivit\u00e4tsbericht der Untersuchungsstelle f\u00fcr Eisenbahnunf\u00e4lle und -ereignisse des Jahres 2013. Download Jahresbericht 2012 Aktivit\u00e4tsbericht der Untersuchungsstelle&hellip;<\/p>\n","category_list_v2":"","author_info_v2":{"name":"Robbie Borloo","url":"https:\/\/www.rail-investigation.be\/de\/author\/rborloo\/"},"comments_num_v2":"0 comments","yoast_head":"<!-- This site is optimized with the Yoast SEO plugin v27.3 - https:\/\/yoast.com\/product\/yoast-seo-wordpress\/ -->\n<title>Jahresberichte - Organisme d&#039;Enqu\u00eate sur les Accidents et Incidents Ferroviaires<\/title>\n<meta name=\"robots\" content=\"index, follow, max-snippet:-1, max-image-preview:large, max-video-preview:-1\" \/>\n<link rel=\"canonical\" href=\"https:\/\/www.rail-investigation.be\/de\/jahresberichte\/\" \/>\n<meta property=\"og:locale\" content=\"de_DE\" \/>\n<meta property=\"og:type\" content=\"article\" \/>\n<meta property=\"og:title\" content=\"Jahresberichte - Organisme d&#039;Enqu\u00eate sur les Accidents et Incidents Ferroviaires\" \/>\n<meta property=\"og:description\" content=\"Der Bericht gibt einen \u00dcberblick \u00fcber die Aktivit\u00e4ten der Untersuchungsstelle f\u00fcr Eisenbahnunfalle und -ereignisse im vergangenen Jahr. Jahresbericht 2018 Aktivit\u00e4tsbericht der Untersuchungsstelle f\u00fcr Eisenbahnunf\u00e4lle und -ereignisse des Jahres 2018 Download Jahresbericht 2017 Aktivit\u00e4tsbericht der Untersuchungsstelle f\u00fcr Eisenbahnunf\u00e4lle und -ereignisse des Jahres 2017 Download Jahresbericht 2016 Aktivit\u00e4tsbericht der Untersuchungsstelle f\u00fcr Eisenbahnunf\u00e4lle und -ereignisse des Jahres 2016\" \/>\n<meta property=\"og:url\" content=\"https:\/\/www.rail-investigation.be\/de\/jahresberichte\/\" \/>\n<meta property=\"og:site_name\" content=\"Organisme d&#039;Enqu\u00eate sur les Accidents et Incidents Ferroviaires\" \/>\n<meta property=\"og:image\" content=\"http:\/\/www.rail-investigation.be\/wp-content\/uploads\/2020\/03\/cover_RA2018_FR-1024x729.jpg\" \/>\n<meta name=\"twitter:card\" content=\"summary_large_image\" \/>\n<meta name=\"twitter:label1\" content=\"Gesch\u00e4tzte Lesezeit\" \/>\n\t<meta name=\"twitter:data1\" content=\"1\u00a0Minute\" \/>\n<script type=\"application\/ld+json\" class=\"yoast-schema-graph\">{\"@context\":\"https:\\\/\\\/schema.org\",\"@graph\":[{\"@type\":\"WebPage\",\"@id\":\"https:\\\/\\\/www.rail-investigation.be\\\/de\\\/jahresberichte\\\/\",\"url\":\"https:\\\/\\\/www.rail-investigation.be\\\/de\\\/jahresberichte\\\/\",\"name\":\"Jahresberichte - Organisme d&#039;Enqu\u00eate sur les Accidents et Incidents Ferroviaires\",\"isPartOf\":{\"@id\":\"https:\\\/\\\/www.rail-investigation.be\\\/#website\"},\"primaryImageOfPage\":{\"@id\":\"https:\\\/\\\/www.rail-investigation.be\\\/de\\\/jahresberichte\\\/#primaryimage\"},\"image\":{\"@id\":\"https:\\\/\\\/www.rail-investigation.be\\\/de\\\/jahresberichte\\\/#primaryimage\"},\"thumbnailUrl\":\"http:\\\/\\\/www.rail-investigation.be\\\/wp-content\\\/uploads\\\/2020\\\/03\\\/cover_RA2018_FR-1024x729.jpg\",\"datePublished\":\"2021-09-16T12:49:05+00:00\",\"breadcrumb\":{\"@id\":\"https:\\\/\\\/www.rail-investigation.be\\\/de\\\/jahresberichte\\\/#breadcrumb\"},\"inLanguage\":\"de\",\"potentialAction\":[{\"@type\":\"ReadAction\",\"target\":[\"https:\\\/\\\/www.rail-investigation.be\\\/de\\\/jahresberichte\\\/\"]}]},{\"@type\":\"ImageObject\",\"inLanguage\":\"de\",\"@id\":\"https:\\\/\\\/www.rail-investigation.be\\\/de\\\/jahresberichte\\\/#primaryimage\",\"url\":\"http:\\\/\\\/www.rail-investigation.be\\\/wp-content\\\/uploads\\\/2020\\\/03\\\/cover_RA2018_FR-1024x729.jpg\",\"contentUrl\":\"http:\\\/\\\/www.rail-investigation.be\\\/wp-content\\\/uploads\\\/2020\\\/03\\\/cover_RA2018_FR-1024x729.jpg\"},{\"@type\":\"BreadcrumbList\",\"@id\":\"https:\\\/\\\/www.rail-investigation.be\\\/de\\\/jahresberichte\\\/#breadcrumb\",\"itemListElement\":[{\"@type\":\"ListItem\",\"position\":1,\"name\":\"Accueil\",\"item\":\"https:\\\/\\\/www.rail-investigation.be\\\/de\\\/\"},{\"@type\":\"ListItem\",\"position\":2,\"name\":\"Jahresberichte\"}]},{\"@type\":\"WebSite\",\"@id\":\"https:\\\/\\\/www.rail-investigation.be\\\/#website\",\"url\":\"https:\\\/\\\/www.rail-investigation.be\\\/\",\"name\":\"Organisme d&#039;Enqu\u00eate sur les Accidents et Incidents Ferroviaires\",\"description\":\"\",\"potentialAction\":[{\"@type\":\"SearchAction\",\"target\":{\"@type\":\"EntryPoint\",\"urlTemplate\":\"https:\\\/\\\/www.rail-investigation.be\\\/?s={search_term_string}\"},\"query-input\":{\"@type\":\"PropertyValueSpecification\",\"valueRequired\":true,\"valueName\":\"search_term_string\"}}],\"inLanguage\":\"de\"}]}<\/script>\n<!-- \/ Yoast SEO plugin. -->","yoast_head_json":{"title":"Jahresberichte - Organisme d&#039;Enqu\u00eate sur les Accidents et Incidents Ferroviaires","robots":{"index":"index","follow":"follow","max-snippet":"max-snippet:-1","max-image-preview":"max-image-preview:large","max-video-preview":"max-video-preview:-1"},"canonical":"https:\/\/www.rail-investigation.be\/de\/jahresberichte\/","og_locale":"de_DE","og_type":"article","og_title":"Jahresberichte - Organisme d&#039;Enqu\u00eate sur les Accidents et Incidents Ferroviaires","og_description":"Der Bericht gibt einen \u00dcberblick \u00fcber die Aktivit\u00e4ten der Untersuchungsstelle f\u00fcr Eisenbahnunfalle und -ereignisse im vergangenen Jahr. Jahresbericht 2018 Aktivit\u00e4tsbericht der Untersuchungsstelle f\u00fcr Eisenbahnunf\u00e4lle und -ereignisse des Jahres 2018 Download Jahresbericht 2017 Aktivit\u00e4tsbericht der Untersuchungsstelle f\u00fcr Eisenbahnunf\u00e4lle und -ereignisse des Jahres 2017 Download Jahresbericht 2016 Aktivit\u00e4tsbericht der Untersuchungsstelle f\u00fcr Eisenbahnunf\u00e4lle und -ereignisse des Jahres 2016","og_url":"https:\/\/www.rail-investigation.be\/de\/jahresberichte\/","og_site_name":"Organisme d&#039;Enqu\u00eate sur les Accidents et Incidents Ferroviaires","og_image":[{"url":"http:\/\/www.rail-investigation.be\/wp-content\/uploads\/2020\/03\/cover_RA2018_FR-1024x729.jpg","type":"","width":"","height":""}],"twitter_card":"summary_large_image","twitter_misc":{"Gesch\u00e4tzte Lesezeit":"1\u00a0Minute"},"schema":{"@context":"https:\/\/schema.org","@graph":[{"@type":"WebPage","@id":"https:\/\/www.rail-investigation.be\/de\/jahresberichte\/","url":"https:\/\/www.rail-investigation.be\/de\/jahresberichte\/","name":"Jahresberichte - Organisme d&#039;Enqu\u00eate sur les Accidents et Incidents Ferroviaires","isPartOf":{"@id":"https:\/\/www.rail-investigation.be\/#website"},"primaryImageOfPage":{"@id":"https:\/\/www.rail-investigation.be\/de\/jahresberichte\/#primaryimage"},"image":{"@id":"https:\/\/www.rail-investigation.be\/de\/jahresberichte\/#primaryimage"},"thumbnailUrl":"http:\/\/www.rail-investigation.be\/wp-content\/uploads\/2020\/03\/cover_RA2018_FR-1024x729.jpg","datePublished":"2021-09-16T12:49:05+00:00","breadcrumb":{"@id":"https:\/\/www.rail-investigation.be\/de\/jahresberichte\/#breadcrumb"},"inLanguage":"de","potentialAction":[{"@type":"ReadAction","target":["https:\/\/www.rail-investigation.be\/de\/jahresberichte\/"]}]},{"@type":"ImageObject","inLanguage":"de","@id":"https:\/\/www.rail-investigation.be\/de\/jahresberichte\/#primaryimage","url":"http:\/\/www.rail-investigation.be\/wp-content\/uploads\/2020\/03\/cover_RA2018_FR-1024x729.jpg","contentUrl":"http:\/\/www.rail-investigation.be\/wp-content\/uploads\/2020\/03\/cover_RA2018_FR-1024x729.jpg"},{"@type":"BreadcrumbList","@id":"https:\/\/www.rail-investigation.be\/de\/jahresberichte\/#breadcrumb","itemListElement":[{"@type":"ListItem","position":1,"name":"Accueil","item":"https:\/\/www.rail-investigation.be\/de\/"},{"@type":"ListItem","position":2,"name":"Jahresberichte"}]},{"@type":"WebSite","@id":"https:\/\/www.rail-investigation.be\/#website","url":"https:\/\/www.rail-investigation.be\/","name":"Organisme d&#039;Enqu\u00eate sur les Accidents et Incidents Ferroviaires","description":"","potentialAction":[{"@type":"SearchAction","target":{"@type":"EntryPoint","urlTemplate":"https:\/\/www.rail-investigation.be\/?s={search_term_string}"},"query-input":{"@type":"PropertyValueSpecification","valueRequired":true,"valueName":"search_term_string"}}],"inLanguage":"de"}]}},"_links":{"self":[{"href":"https:\/\/www.rail-investigation.be\/de\/wp-json\/wp\/v2\/pages\/4108","targetHints":{"allow":["GET"]}}],"collection":[{"href":"https:\/\/www.rail-investigation.be\/de\/wp-json\/wp\/v2\/pages"}],"about":[{"href":"https:\/\/www.rail-investigation.be\/de\/wp-json\/wp\/v2\/types\/page"}],"author":[{"embeddable":true,"href":"https:\/\/www.rail-investigation.be\/de\/wp-json\/wp\/v2\/users\/7"}],"replies":[{"embeddable":true,"href":"https:\/\/www.rail-investigation.be\/de\/wp-json\/wp\/v2\/comments?post=4108"}],"version-history":[{"count":1,"href":"https:\/\/www.rail-investigation.be\/de\/wp-json\/wp\/v2\/pages\/4108\/revisions"}],"predecessor-version":[{"id":4109,"href":"https:\/\/www.rail-investigation.be\/de\/wp-json\/wp\/v2\/pages\/4108\/revisions\/4109"}],"wp:attachment":[{"href":"https:\/\/www.rail-investigation.be\/de\/wp-json\/wp\/v2\/media?parent=4108"}],"curies":[{"name":"wp","href":"https:\/\/api.w.org\/{rel}","templated":true}]}}