
{"id":3491,"date":"2021-02-24T15:14:13","date_gmt":"2021-02-24T14:14:13","guid":{"rendered":"https:\/\/www.rail-investigation.be\/?page_id=3491"},"modified":"2021-02-24T15:14:13","modified_gmt":"2021-02-24T14:14:13","slug":"cookies-policy","status":"publish","type":"page","link":"https:\/\/www.rail-investigation.be\/de\/cookies-policy\/","title":{"rendered":"Cookies Policy"},"content":{"rendered":"<p><\/p>\r\n<h2 class=\"wp-block-heading\"><strong>Was ist ein \u201eCookie\u201c?<\/strong><\/h2>\r\n<p><\/p>\r\n<p><\/p>\r\n<p>Ein\u00a0<em>\u201eCookie<\/em>\u201c ist eine Zeichenkette von Informationen, in der Regel klein und mit einem Namen versehen, die von einer Website, mit der Sie sich verbinden, an Ihren Browser gesendet werden kann. Ihr Webbrowser speichert sie f\u00fcr eine bestimmte Zeit und sendet sie bei jeder erneuten Verbindung an den Webserver zur\u00fcck. <em>Cookies<\/em> haben mehrere Verwendungszwecke: Sie k\u00f6nnen verwendet werden, um Ihre Kundenkennung bei einer kommerziellen Internetseite zu speichern, den aktuellen Inhalt Ihres Warenkorbs, eine Kennung, die es erlaubt, Ihre Navigation f\u00fcr statistische Zwecke oder Werbezwecke zu verfolgen\u00a0<em>usw.<\/em><\/p>\r\n<p><\/p>\r\n<p><\/p>\r\n<h2 class=\"wp-block-heading\"><strong>Meine Browser-Cookies verwalten<\/strong><\/h2>\r\n<p><\/p>\r\n<p><\/p>\r\n<div class=\"wp-block-ugb-accordion ugb-accordion ugb-cb5eae4 ugb-accordion--v2 ugb-accordion--design-basic ugb-accordion--single-open ugb-main-block\" aria-expanded=\"false\">\r\n<style>.ugb-cb5eae4 .ugb-accordion__arrow{fill:#0693e3}.ugb-cb5eae4 .ugb-inner-block{text-align:left}<\/style>\r\n<div class=\"ugb-inner-block\">\r\n<div class=\"ugb-block-content\">\r\n<div class=\"ugb-accordion__item\">\r\n<div class=\"ugb-accordion__heading\" tabindex=\"0\" role=\"button\">\r\n<h4 class=\"ugb-accordion__title\"><strong>Internet Explorer<\/strong><\/h4>\r\n<p>&nbsp;<\/p>\r\n<\/div>\r\n<div class=\"ugb-accordion__content\" role=\"region\">\r\n<div class=\"ugb-accordion__content-inner\">\r\n<p>W\u00e4hlen Sie &#8222;<strong>Extras<\/strong>&#8220; aus der Men\u00fcleiste. Klicken Sie dann auf &#8222;<strong>Internetoptionen<\/strong>&#8220; .<br \/>\r\nW\u00e4hlen Sie die Registerkarte &#8222;<strong>Datenschutz<\/strong>&#8220; und klicken Sie dann auf die Schaltfl\u00e4che &#8222;<b>Erweitert<\/b>&#8220; .<\/p>\r\n<p><\/p>\r\n<p><\/p>\r\n<figure class=\"wp-block-image size-large\"><img loading=\"lazy\" decoding=\"async\" class=\"alignnone wp-image-3493 size-full\" src=\"https:\/\/www.rail-investigation.be\/wp-content\/uploads\/2021\/02\/IE-DE.jpg\" alt=\"\" width=\"494\" height=\"367\" srcset=\"https:\/\/www.rail-investigation.be\/wp-content\/uploads\/2021\/02\/IE-DE.jpg 494w, https:\/\/www.rail-investigation.be\/wp-content\/uploads\/2021\/02\/IE-DE-300x223.jpg 300w\" sizes=\"auto, (max-width: 494px) 100vw, 494px\" \/><\/figure>\r\n<p><\/p>\r\n<\/div>\r\n<\/div>\r\n<\/div>\r\n<\/div>\r\n<\/div>\r\n<\/div>\r\n<p><\/p>\r\n<p><\/p>\r\n<div class=\"wp-block-ugb-accordion ugb-accordion ugb-ed7f657 ugb-accordion--v2 ugb-accordion--design-basic ugb-accordion--single-open ugb-main-block\" aria-expanded=\"false\">\r\n<style>.ugb-ed7f657 .ugb-accordion__arrow{fill:#0693e3}.ugb-ed7f657 .ugb-inner-block{text-align:left}<\/style>\r\n<div class=\"ugb-inner-block\">\r\n<div class=\"ugb-block-content\">\r\n<div class=\"ugb-accordion__item\">\r\n<div class=\"ugb-accordion__heading\" tabindex=\"0\" role=\"button\">\r\n<h4 class=\"ugb-accordion__title\"><strong>Mozilla\u00a0Firefox<\/strong><\/h4>\r\n<p>&nbsp;<\/p>\r\n<\/div>\r\n<div class=\"ugb-accordion__content\" role=\"region\">\r\n<div class=\"ugb-accordion__content-inner\">\r\n<p>Klicken Sie in der Men\u00fcleiste auf das Hamburger-Men\u00fc-Symbol.<br \/>\r\nW\u00e4hlen Sie \u00ab <strong>Einstellungen<\/strong>\u00a0\u00bb.<br \/>\r\nW\u00e4hlen Sie die Registerkarte \u00ab <strong>Datenschutz &amp; Sicherheit<\/strong> \u00bb.<\/p>\r\n<p><\/p>\r\n<p><\/p>\r\n<figure class=\"wp-block-image size-large\"><img loading=\"lazy\" decoding=\"async\" class=\"alignnone wp-image-3498 size-full\" src=\"https:\/\/www.rail-investigation.be\/wp-content\/uploads\/2021\/02\/FF-DE.jpg\" alt=\"\" width=\"881\" height=\"831\" srcset=\"https:\/\/www.rail-investigation.be\/wp-content\/uploads\/2021\/02\/FF-DE.jpg 881w, https:\/\/www.rail-investigation.be\/wp-content\/uploads\/2021\/02\/FF-DE-300x283.jpg 300w, https:\/\/www.rail-investigation.be\/wp-content\/uploads\/2021\/02\/FF-DE-768x724.jpg 768w\" sizes=\"auto, (max-width: 881px) 100vw, 881px\" \/><\/figure>\r\n<p><\/p>\r\n<\/div>\r\n<\/div>\r\n<\/div>\r\n<\/div>\r\n<\/div>\r\n<\/div>\r\n<p><\/p>\r\n<p><\/p>\r\n<div class=\"wp-block-ugb-accordion ugb-accordion ugb-5f97404 ugb-accordion--v2 ugb-accordion--design-basic ugb-accordion--single-open ugb-main-block\" aria-expanded=\"false\">\r\n<style>.ugb-5f97404 .ugb-accordion__arrow{fill:#0693e3}.ugb-5f97404 .ugb-inner-block{text-align:left}<\/style>\r\n<div class=\"ugb-inner-block\">\r\n<div class=\"ugb-block-content\">\r\n<div class=\"ugb-accordion__item\">\r\n<div class=\"ugb-accordion__heading\" tabindex=\"0\" role=\"button\">\r\n<h4 class=\"ugb-accordion__title\"><strong>Google Chrome<\/strong><\/h4>\r\n<p>&nbsp;<\/p>\r\n<\/div>\r\n<div class=\"ugb-accordion__content\" role=\"region\">\r\n<div class=\"ugb-accordion__content-inner\">\r\n<p>Klicken Sie in der Symbolleiste Ihres Browsers auf das Google-Men\u00fcsymbol (drei Punkte).<br \/>\r\nW\u00e4hlen Sie \u00ab <strong>Einstellungen <\/strong>\u00bb.<br \/>\r\nW\u00e4hlen Sie im Bereich \u00ab <strong>Datenschutz und Sicherheit<\/strong> \u00bb die Option \u00ab <strong>Cookies und andere Websitedaten<\/strong>\u00a0\u00bb.<\/p>\r\n<p><\/p>\r\n<p><\/p>\r\n<figure class=\"wp-block-image size-large\"><img loading=\"lazy\" decoding=\"async\" class=\"alignnone wp-image-3502 size-full\" src=\"https:\/\/www.rail-investigation.be\/wp-content\/uploads\/2021\/02\/Chrome-DE.jpg\" alt=\"\" width=\"837\" height=\"476\" srcset=\"https:\/\/www.rail-investigation.be\/wp-content\/uploads\/2021\/02\/Chrome-DE.jpg 837w, https:\/\/www.rail-investigation.be\/wp-content\/uploads\/2021\/02\/Chrome-DE-300x171.jpg 300w, https:\/\/www.rail-investigation.be\/wp-content\/uploads\/2021\/02\/Chrome-DE-768x437.jpg 768w\" sizes=\"auto, (max-width: 837px) 100vw, 837px\" \/><\/figure>\r\n<p><\/p>\r\n<\/div>\r\n<\/div>\r\n<\/div>\r\n<\/div>\r\n<\/div>\r\n<\/div>\r\n<p><\/p>\r\n<p><\/p>\r\n<h2 class=\"wp-block-heading\"><strong>Interne Cookies, die f\u00fcr das Funktionieren der Website erforderlich sind<\/strong><\/h2>\r\n<p><\/p>\r\n<p><\/p>\r\n<p>Diese Cookies erm\u00f6glichen das Funktionieren der Website.<\/p>\r\n<p><\/p>\r\n<p><\/p>\r\n<figure class=\"wp-block-table is-style-stripes\">\r\n<table class=\"has-fixed-layout\" style=\"width: 100%;\">\r\n<tbody>\r\n<tr>\r\n<td style=\"width: 31.9125%;\"><strong>Name<\/strong><\/td>\r\n<td style=\"width: 41.5301%;\"><strong>Beschreibung<\/strong><\/td>\r\n<td style=\"width: 13.3333%;\"><strong>Quelle<\/strong><\/td>\r\n<td style=\"width: 12.2404%;\"><strong>Lebensdauer<\/strong><\/td>\r\n<\/tr>\r\n<tr>\r\n<td style=\"width: 31.9125%;\">_icl_visitor_lang_js<\/td>\r\n<td style=\"width: 41.5301%;\">Speichert die umgeleitete Sprache.<\/td>\r\n<td style=\"width: 13.3333%;\">WordPress (WPML-Plugin)<\/td>\r\n<td style=\"width: 12.2404%;\">1 Tag<\/td>\r\n<\/tr>\r\n<tr>\r\n<td style=\"width: 31.9125%;\">wp-wpml_current_language<\/td>\r\n<td style=\"width: 41.5301%;\">Speichert die aktuelle Sprache.<\/td>\r\n<td style=\"width: 13.3333%;\">WordPress (WPML-Plugin)<\/td>\r\n<td style=\"width: 12.2404%;\">1 Tag<\/td>\r\n<\/tr>\r\n<tr>\r\n<td style=\"width: 31.9125%;\">wp-wpml_current_admin_language_{hash}<\/td>\r\n<td style=\"width: 41.5301%;\">Speichert die aktuelle Sprache, wenn der Benutzer im Mitgliederbereich angemeldet ist<\/td>\r\n<td style=\"width: 13.3333%;\">WordPress (WPML-Plugin)<\/td>\r\n<td style=\"width: 12.2404%;\">1 Tag<\/td>\r\n<\/tr>\r\n<tr>\r\n<td style=\"width: 31.9125%;\">wpml_browser_redirect_test<\/td>\r\n<td style=\"width: 41.5301%;\">Testet, ob Cookies aktiviert sind.<\/td>\r\n<td style=\"width: 13.3333%;\">WordPress (WPML-Plugin)<\/td>\r\n<td style=\"width: 12.2404%;\">Sitzung<\/td>\r\n<\/tr>\r\n<tr>\r\n<td style=\"width: 31.9125%;\">wordpress_test_cookie<\/td>\r\n<td style=\"width: 41.5301%;\">Testet, ob Cookies aktiviert sind.<\/td>\r\n<td style=\"width: 13.3333%;\">WordPress<\/td>\r\n<td style=\"width: 12.2404%;\">Sitzung<\/td>\r\n<\/tr>\r\n<tr>\r\n<td style=\"width: 31.9125%;\">wordpress_logged_in_{hash}<\/td>\r\n<td style=\"width: 41.5301%;\">Zeigt an, ob Sie im Mitgliederbereich angemeldet sind<\/td>\r\n<td style=\"width: 13.3333%;\">WordPress<\/td>\r\n<td style=\"width: 12.2404%;\">Sitzung<\/td>\r\n<\/tr>\r\n<tr>\r\n<td style=\"width: 31.9125%;\">WordPress_{hash}<\/td>\r\n<td style=\"width: 41.5301%;\">Speichert Ihre Authentifizierungsinformationen, wenn Sie im Mitgliederbereich angemeldet sind<\/td>\r\n<td style=\"width: 13.3333%;\">WordPress<\/td>\r\n<td style=\"width: 12.2404%;\">Sitzung<\/td>\r\n<\/tr>\r\n<tr>\r\n<td style=\"width: 31.9125%;\">tarteaucitron<\/td>\r\n<td style=\"width: 41.5301%;\">Speichert Ihre Cookie-Einstellungen<\/td>\r\n<td style=\"width: 13.3333%;\">WordPress<\/td>\r\n<td style=\"width: 12.2404%;\">365 Tage<\/td>\r\n<\/tr>\r\n<\/tbody>\r\n<\/table>\r\n<\/figure>\r\n<p><\/p>\r\n<p><\/p>\r\n<h2 class=\"wp-block-heading\"><strong>Cookies von Drittanbietern<\/strong><\/h2>\r\n<p><\/p>\r\n<p><\/p>\r\n<p>Die Website st\u00fctzt sich auf bestimmte Dienste, die \u00fcber Websites von Drittanbietern angeboten werden:<\/p>\r\n<p><\/p>\r\n<p><\/p>\r\n<ul class=\"wp-block-list\">\r\n\t<li>Google Maps<\/li>\r\n\t<li>Google Analytics<\/li>\r\n<\/ul>\r\n<p><\/p>\r\n<p><\/p>\r\n<p>Die Website greift auf bestimmte Dienste von Drittanbietern zur\u00fcck (Google Analytics, YouTube). Diese Funktionalit\u00e4ten verwenden Cookies von Drittanbietern, die direkt von diesen Diensten hinterlegt werden.<\/p>\r\n<p><\/p>\r\n<p><\/p>\r\n<p>Bei Ihrem ersten Besuch informiert Sie ein Banner \u00fcber das Vorhandensein dieser Cookies und fordert Sie auf, Ihre Wahl zu treffen. Sie werden nur dann hinterlegt, wenn Sie sie akzeptieren oder wenn Sie Ihre Navigation auf der Website durch den Besuch einer zweiten Seite fortsetzen. Sie k\u00f6nnen sich jederzeit informieren und Ihre Cookies so einstellen, dass sie akzeptiert oder abgelehnt werden, indem Sie auf die Seite <a href=\"tarteaucitron.userInterface.openPanel();\">[Verwaltung von Cookies]<\/a> gehen, die sich am unteren Ende jeder Seite der Website befindet. Sie k\u00f6nnen Ihre Pr\u00e4ferenz entweder allgemein f\u00fcr die Website oder f\u00fcr jeden einzelnen Dienst angeben.<\/p>\r\n<p><\/p>\r\n<p><\/p>\r\n<h3 class=\"wp-block-heading\"><strong>Webanalysen<\/strong><\/h3>\r\n<p><\/p>\r\n<p><\/p>\r\n<p>Um die Nutzung der Website zu analysieren und um die Qualit\u00e4t ihrer Inhalte zu verbessern, nutzen wir den Dienst \u201eGoogle Analytics\u201c von Google.<\/p>\r\n<p><\/p>\r\n<p><\/p>\r\n<p>Die \u00fcber diesen Dienst gesammelten Informationen betreffen die Anzahl der Besuche auf der Website, die Art und Weise, wie der Benutzer auf die Website gelangt ist, die aufgerufenen Seiten, die auf jeder Seite verbrachte Zeit und den geografischen Standort des Benutzers (Land und Stadt) auf der Grundlage seiner IP-Adresse.<br \/>\r\nNur die Google-Analytics-Dienste greifen auf diese Cookies zu, um uns auf vollst\u00e4ndig anonymer Basis mit Zielgruppeninformationen zu versorgen. Es werden keine personenbezogenen Daten (z. B. Ihr Name oder Ihre Adresse) erhoben.<\/p>\r\n<p><\/p>\r\n<p><\/p>\r\n<p>Weitere Details zum Dienst Google Analytics finden Sie auf der Seite\u00a0<a href=\"https:\/\/support.google.com\/analytics\/answer\/6004245\" target=\"_blank\" rel=\"noreferrer noopener\">www.google.com\/analytics\/learn\/privacy<\/a><\/p>\r\n<p><\/p>\r\n<p><\/p>\r\n<figure class=\"wp-block-table is-style-stripes\">\r\n<table class=\"has-fixed-layout\">\r\n<tbody>\r\n<tr>\r\n<td><strong>Name<\/strong><\/td>\r\n<td><strong>Beschreibung<\/strong><\/td>\r\n<td><strong>Quelle<\/strong><\/td>\r\n<td><strong>Lebensdauer<\/strong><\/td>\r\n<\/tr>\r\n<tr>\r\n<td>_ga<\/td>\r\n<td>Dieses Cookie wird verwendet, um die Benutzer zu unterscheiden.<\/td>\r\n<td>Google<\/td>\r\n<td>2 Jahre<\/td>\r\n<\/tr>\r\n<tr>\r\n<td>_gid<\/td>\r\n<td>Dieses Cookie ist f\u00fcr die Verfolgung des Benutzerverhaltens verantwortlich.<\/td>\r\n<td>Google<\/td>\r\n<td>1 Tag<\/td>\r\n<\/tr>\r\n<tr>\r\n<td>_gat<\/td>\r\n<td>Dieses Cookie wird verwendet, um Analyseanfragen an die Google Analytics-Server zu begrenzen.<\/td>\r\n<td>Google<\/td>\r\n<td>1 Minute<\/td>\r\n<\/tr>\r\n<\/tbody>\r\n<\/table>\r\n<\/figure>\r\n<p><\/p>","protected":false},"excerpt":{"rendered":"<p>Was ist ein \u201eCookie\u201c? Ein\u00a0\u201eCookie\u201c ist eine Zeichenkette von Informationen, in der Regel klein und mit einem Namen versehen, die von einer Website, mit der Sie sich verbinden, an Ihren Browser gesendet werden kann. Ihr Webbrowser speichert sie f\u00fcr eine bestimmte Zeit und sendet sie bei jeder erneuten Verbindung an den Webserver zur\u00fcck. Cookies haben<\/p>\n","protected":false},"author":7,"featured_media":0,"parent":0,"menu_order":0,"comment_status":"closed","ping_status":"closed","template":"","meta":{"_acf_changed":false,"footnotes":""},"class_list":["post-3491","page","type-page","status-publish","hentry"],"acf":[],"featured_image_urls_v2":{"full":"","thumbnail":"","medium":"","medium_large":"","large":"","1536x1536":"","2048x2048":""},"post_excerpt_stackable_v2":"<p>Was ist ein \u201eCookie\u201c? Ein\u00a0\u201eCookie\u201c ist eine Zeichenkette von Informationen, in der Regel klein und mit einem Namen versehen, die von einer Website, mit der Sie sich verbinden, an Ihren Browser gesendet werden kann. Ihr Webbrowser speichert sie f\u00fcr eine bestimmte Zeit und sendet sie bei jeder erneuten Verbindung an den Webserver zur\u00fcck. Cookies haben mehrere Verwendungszwecke: Sie k\u00f6nnen verwendet werden, um Ihre Kundenkennung bei einer kommerziellen Internetseite zu speichern, den aktuellen Inhalt Ihres Warenkorbs, eine Kennung, die es erlaubt, Ihre Navigation f\u00fcr statistische Zwecke oder Werbezwecke zu verfolgen\u00a0usw. Meine Browser-Cookies verwalten Internet Explorer &nbsp; W\u00e4hlen Sie &#8222;Extras&#8220; aus der&hellip;<\/p>\n","category_list_v2":"","author_info_v2":{"name":"Robbie Borloo","url":"https:\/\/www.rail-investigation.be\/de\/author\/rborloo\/"},"comments_num_v2":"0 comments","yoast_head":"<!-- This site is optimized with the Yoast SEO plugin v27.4 - https:\/\/yoast.com\/product\/yoast-seo-wordpress\/ -->\n<title>Cookies Policy - Organisme d&#039;Enqu\u00eate sur les Accidents et Incidents Ferroviaires<\/title>\n<meta name=\"robots\" content=\"index, follow, max-snippet:-1, max-image-preview:large, max-video-preview:-1\" \/>\n<link rel=\"canonical\" href=\"https:\/\/www.rail-investigation.be\/de\/cookies-policy\/\" \/>\n<meta property=\"og:locale\" content=\"de_DE\" \/>\n<meta property=\"og:type\" content=\"article\" \/>\n<meta property=\"og:title\" content=\"Cookies Policy - Organisme d&#039;Enqu\u00eate sur les Accidents et Incidents Ferroviaires\" \/>\n<meta property=\"og:description\" content=\"Was ist ein \u201eCookie\u201c? Ein\u00a0\u201eCookie\u201c ist eine Zeichenkette von Informationen, in der Regel klein und mit einem Namen versehen, die von einer Website, mit der Sie sich verbinden, an Ihren Browser gesendet werden kann. Ihr Webbrowser speichert sie f\u00fcr eine bestimmte Zeit und sendet sie bei jeder erneuten Verbindung an den Webserver zur\u00fcck. Cookies haben\" \/>\n<meta property=\"og:url\" content=\"https:\/\/www.rail-investigation.be\/de\/cookies-policy\/\" \/>\n<meta property=\"og:site_name\" content=\"Organisme d&#039;Enqu\u00eate sur les Accidents et Incidents Ferroviaires\" \/>\n<meta property=\"og:image\" content=\"https:\/\/www.rail-investigation.be\/wp-content\/uploads\/2021\/02\/IE-DE.jpg\" \/>\n<meta name=\"twitter:card\" content=\"summary_large_image\" \/>\n<meta name=\"twitter:label1\" content=\"Gesch\u00e4tzte Lesezeit\" \/>\n\t<meta name=\"twitter:data1\" content=\"4\u00a0Minuten\" \/>\n<script type=\"application\/ld+json\" class=\"yoast-schema-graph\">{\"@context\":\"https:\\\/\\\/schema.org\",\"@graph\":[{\"@type\":\"WebPage\",\"@id\":\"https:\\\/\\\/www.rail-investigation.be\\\/de\\\/cookies-policy\\\/\",\"url\":\"https:\\\/\\\/www.rail-investigation.be\\\/de\\\/cookies-policy\\\/\",\"name\":\"Cookies Policy - Organisme d&#039;Enqu\u00eate sur les Accidents et Incidents Ferroviaires\",\"isPartOf\":{\"@id\":\"https:\\\/\\\/www.rail-investigation.be\\\/#website\"},\"primaryImageOfPage\":{\"@id\":\"https:\\\/\\\/www.rail-investigation.be\\\/de\\\/cookies-policy\\\/#primaryimage\"},\"image\":{\"@id\":\"https:\\\/\\\/www.rail-investigation.be\\\/de\\\/cookies-policy\\\/#primaryimage\"},\"thumbnailUrl\":\"https:\\\/\\\/www.rail-investigation.be\\\/wp-content\\\/uploads\\\/2021\\\/02\\\/IE-DE.jpg\",\"datePublished\":\"2021-02-24T14:14:13+00:00\",\"breadcrumb\":{\"@id\":\"https:\\\/\\\/www.rail-investigation.be\\\/de\\\/cookies-policy\\\/#breadcrumb\"},\"inLanguage\":\"de\",\"potentialAction\":[{\"@type\":\"ReadAction\",\"target\":[\"https:\\\/\\\/www.rail-investigation.be\\\/de\\\/cookies-policy\\\/\"]}]},{\"@type\":\"ImageObject\",\"inLanguage\":\"de\",\"@id\":\"https:\\\/\\\/www.rail-investigation.be\\\/de\\\/cookies-policy\\\/#primaryimage\",\"url\":\"https:\\\/\\\/www.rail-investigation.be\\\/wp-content\\\/uploads\\\/2021\\\/02\\\/IE-DE.jpg\",\"contentUrl\":\"https:\\\/\\\/www.rail-investigation.be\\\/wp-content\\\/uploads\\\/2021\\\/02\\\/IE-DE.jpg\"},{\"@type\":\"BreadcrumbList\",\"@id\":\"https:\\\/\\\/www.rail-investigation.be\\\/de\\\/cookies-policy\\\/#breadcrumb\",\"itemListElement\":[{\"@type\":\"ListItem\",\"position\":1,\"name\":\"Accueil\",\"item\":\"https:\\\/\\\/www.rail-investigation.be\\\/de\\\/\"},{\"@type\":\"ListItem\",\"position\":2,\"name\":\"Cookies Policy\"}]},{\"@type\":\"WebSite\",\"@id\":\"https:\\\/\\\/www.rail-investigation.be\\\/#website\",\"url\":\"https:\\\/\\\/www.rail-investigation.be\\\/\",\"name\":\"Organisme d&#039;Enqu\u00eate sur les Accidents et Incidents Ferroviaires\",\"description\":\"\",\"potentialAction\":[{\"@type\":\"SearchAction\",\"target\":{\"@type\":\"EntryPoint\",\"urlTemplate\":\"https:\\\/\\\/www.rail-investigation.be\\\/?s={search_term_string}\"},\"query-input\":{\"@type\":\"PropertyValueSpecification\",\"valueRequired\":true,\"valueName\":\"search_term_string\"}}],\"inLanguage\":\"de\"}]}<\/script>\n<!-- \/ Yoast SEO plugin. -->","yoast_head_json":{"title":"Cookies Policy - Organisme d&#039;Enqu\u00eate sur les Accidents et Incidents Ferroviaires","robots":{"index":"index","follow":"follow","max-snippet":"max-snippet:-1","max-image-preview":"max-image-preview:large","max-video-preview":"max-video-preview:-1"},"canonical":"https:\/\/www.rail-investigation.be\/de\/cookies-policy\/","og_locale":"de_DE","og_type":"article","og_title":"Cookies Policy - Organisme d&#039;Enqu\u00eate sur les Accidents et Incidents Ferroviaires","og_description":"Was ist ein \u201eCookie\u201c? Ein\u00a0\u201eCookie\u201c ist eine Zeichenkette von Informationen, in der Regel klein und mit einem Namen versehen, die von einer Website, mit der Sie sich verbinden, an Ihren Browser gesendet werden kann. Ihr Webbrowser speichert sie f\u00fcr eine bestimmte Zeit und sendet sie bei jeder erneuten Verbindung an den Webserver zur\u00fcck. Cookies haben","og_url":"https:\/\/www.rail-investigation.be\/de\/cookies-policy\/","og_site_name":"Organisme d&#039;Enqu\u00eate sur les Accidents et Incidents Ferroviaires","og_image":[{"url":"https:\/\/www.rail-investigation.be\/wp-content\/uploads\/2021\/02\/IE-DE.jpg","type":"","width":"","height":""}],"twitter_card":"summary_large_image","twitter_misc":{"Gesch\u00e4tzte Lesezeit":"4\u00a0Minuten"},"schema":{"@context":"https:\/\/schema.org","@graph":[{"@type":"WebPage","@id":"https:\/\/www.rail-investigation.be\/de\/cookies-policy\/","url":"https:\/\/www.rail-investigation.be\/de\/cookies-policy\/","name":"Cookies Policy - Organisme d&#039;Enqu\u00eate sur les Accidents et Incidents Ferroviaires","isPartOf":{"@id":"https:\/\/www.rail-investigation.be\/#website"},"primaryImageOfPage":{"@id":"https:\/\/www.rail-investigation.be\/de\/cookies-policy\/#primaryimage"},"image":{"@id":"https:\/\/www.rail-investigation.be\/de\/cookies-policy\/#primaryimage"},"thumbnailUrl":"https:\/\/www.rail-investigation.be\/wp-content\/uploads\/2021\/02\/IE-DE.jpg","datePublished":"2021-02-24T14:14:13+00:00","breadcrumb":{"@id":"https:\/\/www.rail-investigation.be\/de\/cookies-policy\/#breadcrumb"},"inLanguage":"de","potentialAction":[{"@type":"ReadAction","target":["https:\/\/www.rail-investigation.be\/de\/cookies-policy\/"]}]},{"@type":"ImageObject","inLanguage":"de","@id":"https:\/\/www.rail-investigation.be\/de\/cookies-policy\/#primaryimage","url":"https:\/\/www.rail-investigation.be\/wp-content\/uploads\/2021\/02\/IE-DE.jpg","contentUrl":"https:\/\/www.rail-investigation.be\/wp-content\/uploads\/2021\/02\/IE-DE.jpg"},{"@type":"BreadcrumbList","@id":"https:\/\/www.rail-investigation.be\/de\/cookies-policy\/#breadcrumb","itemListElement":[{"@type":"ListItem","position":1,"name":"Accueil","item":"https:\/\/www.rail-investigation.be\/de\/"},{"@type":"ListItem","position":2,"name":"Cookies Policy"}]},{"@type":"WebSite","@id":"https:\/\/www.rail-investigation.be\/#website","url":"https:\/\/www.rail-investigation.be\/","name":"Organisme d&#039;Enqu\u00eate sur les Accidents et Incidents Ferroviaires","description":"","potentialAction":[{"@type":"SearchAction","target":{"@type":"EntryPoint","urlTemplate":"https:\/\/www.rail-investigation.be\/?s={search_term_string}"},"query-input":{"@type":"PropertyValueSpecification","valueRequired":true,"valueName":"search_term_string"}}],"inLanguage":"de"}]}},"_links":{"self":[{"href":"https:\/\/www.rail-investigation.be\/de\/wp-json\/wp\/v2\/pages\/3491","targetHints":{"allow":["GET"]}}],"collection":[{"href":"https:\/\/www.rail-investigation.be\/de\/wp-json\/wp\/v2\/pages"}],"about":[{"href":"https:\/\/www.rail-investigation.be\/de\/wp-json\/wp\/v2\/types\/page"}],"author":[{"embeddable":true,"href":"https:\/\/www.rail-investigation.be\/de\/wp-json\/wp\/v2\/users\/7"}],"replies":[{"embeddable":true,"href":"https:\/\/www.rail-investigation.be\/de\/wp-json\/wp\/v2\/comments?post=3491"}],"version-history":[{"count":4,"href":"https:\/\/www.rail-investigation.be\/de\/wp-json\/wp\/v2\/pages\/3491\/revisions"}],"predecessor-version":[{"id":3509,"href":"https:\/\/www.rail-investigation.be\/de\/wp-json\/wp\/v2\/pages\/3491\/revisions\/3509"}],"wp:attachment":[{"href":"https:\/\/www.rail-investigation.be\/de\/wp-json\/wp\/v2\/media?parent=3491"}],"curies":[{"name":"wp","href":"https:\/\/api.w.org\/{rel}","templated":true}]}}