
{"id":3371,"date":"2020-01-21T11:33:44","date_gmt":"2020-01-21T10:33:44","guid":{"rendered":"https:\/\/www.rail-investigation.be\/politique-de-confidentialite\/"},"modified":"2023-03-21T14:07:12","modified_gmt":"2023-03-21T13:07:12","slug":"datenschutzerklarung","status":"publish","type":"page","link":"https:\/\/www.rail-investigation.be\/de\/datenschutzerklarung\/","title":{"rendered":"Datenschutzerkl\u00e4rung"},"content":{"rendered":"\n<h2 class=\"wp-block-heading\">Allgemeines<\/h2>\n\n\n\n<p>Die vorliegende Erkl\u00e4rung erl\u00e4utert die Politik der Untersuchungsstelle f\u00fcr Eisenbahnunf\u00e4lle und -ereignisse (nachfolgend &#8222;US&#8220; abgek\u00fcrzt) hinsichtlich der Verarbeitung personenbezogener Daten und setzt die in der Datenschutz-Grundverordnung (abgek\u00fcrzt &#8222;DSGVO&#8220;, &#8222;GDPR&#8220; auf Englisch) enthaltenen Verpflichtungen zur Transparenz um.<br>Die vorliegende Erkl\u00e4rung ist eine kurze Zusammenfassung dieser DSGVO. Die US stellt jedoch ausf\u00fchrlichere Informationen auf <a href=\"#traitements\">separaten Seiten<\/a> zur Verf\u00fcgung.<br><\/p>\n\n\n\n<p>Die vorliegende Erkl\u00e4rung kann jederzeit ge\u00e4ndert werden, als Folge von \u00c4nderungen der Abl\u00e4ufe der US, neuen Vorschriften und Entwicklungen des Standpunktes der Aufsichtsbeh\u00f6rden. Die US bem\u00fcht sich stets, diese Entwicklungen ordnungsgem\u00e4\u00df und fr\u00fchzeitig im Rahmen der vorliegenden Erkl\u00e4rung zu ber\u00fccksichtigen und Ihnen gegebenenfalls zus\u00e4tzliche Informationen bereitzustellen.<br>Mehr Informationen \u00fcber die Verarbeitung personenbezogener Daten in Belgien finden Sie auf der Webseite der &#8222;Autorit\u00e9 de protection des donn\u00e9es\/ Gegevensbeschermingsautoriteit&#8220; unter:<br><a href=\"https:\/\/www.datenschutzbehorde.be\/zivilist\" target=\"_blank\" rel=\"noreferrer noopener\">https:\/\/www.datenschutzbehorde.be\/zivilist<\/a><\/p>\n\n\n\n<div style=\"height:60px\" aria-hidden=\"true\" class=\"wp-block-spacer\"><\/div>\n\n\n\n<h2 class=\"wp-block-heading\">Verantwortlicher f\u00fcr die Verarbeitung personenbezogener Daten<\/h2>\n\n\n\n<p>Dieser Verantwortliche ist die Person, die allein oder mit anderen, den Zweck und die Mittel der Verarbeitung dieser personenbezogenen Daten festlegt.<br>Der Verantwortliche ist die US, vertreten durch den Untersuchungssachverst\u00e4ndigen.<br>Kontakt:<br>F\u00d6D Mobilit\u00e4t und Transportwesen<br>Untersuchungsstelle f\u00fcr Eisenbahnunf\u00e4lle und -ereignisse<br>City Atrium &#8211; Rue du Progr\u00e8s 56 (5. Stock), 1210 Br\u00fcssel;<br>Telefon: +32 (0)2 277 31 11<br>E-Mail: <a href=\"mailto:raui@mobilit.fgov.be\" target=\"_blank\" rel=\"noreferrer noopener\">raui@mobilit.fgov.be<\/a><br>Unternehmensnummer: BE 0308.357.852.<\/p>\n\n\n\n<div style=\"height:60px\" aria-hidden=\"true\" class=\"wp-block-spacer\"><\/div>\n\n\n\n<h2 class=\"wp-block-heading\">Beh\u00f6rdlicher Datenschutzbeauftragter<\/h2>\n\n\n\n<p>Der beh\u00f6rdliche Datenschutzbeauftragte (DSB) des F\u00f6deralen \u00d6ffentlichen Dienstes Mobilit\u00e4t und Transportwesen fungiert als DSB f\u00fcr die US:<br>Herr Michel LOCCUFIER<br>Kontakt:<br>\u2022 Per Post: F\u00d6D Mobilit\u00e4t und Transportwesen, z. Hd. des DSB (9A64), City Atrium &#8211; Rue du Progr\u00e8s 56, 1210 Br\u00fcssel;<br>\u2022 Per E-Mail: <a href=\"mailto:dpo@mobilit.fgov.be\" target=\"_blank\" rel=\"noreferrer noopener\">dpo@mobilit.fgov.be<\/a><\/p>\n\n\n\n<p>Er achtet auf die Einhaltung des regulatorischen Rahmens beim Datenschutz. Er ist die Kontaktperson bei allen Fragen zur Verarbeitung personenbezogener Daten und zur Aus\u00fcbung Ihrer Rechte im Rahmen der DSGVO.<\/p>\n\n\n\n<div style=\"height:60px\" aria-hidden=\"true\" class=\"wp-block-spacer\"><\/div>\n\n\n\n<h2 class=\"wp-block-heading\">Verarbeitung personenbezogener Daten: welche Daten, zu welchem Zweck und auf welcher Grundlage?<\/h2>\n\n\n\n<p>Die US verarbeitet verschiedene Kategorien von personenbezogenen Daten f\u00fcr verschiedene Zwecke. Eine genauere Erl\u00e4uterung dieser Zwecke und der Gr\u00fcnde f\u00fcr jede Verarbeitung findet sich <a href=\"#traitements\">hier<\/a>.<br>Die personenbezogenen Daten werden durch die US niemals f\u00fcr Werbezwecke verarbeitet oder an Dritte, die personenbezogene Daten f\u00fcr solche Zwecke verwenden, weitergegeben.<\/p>\n\n\n\n<div style=\"height:60px\" aria-hidden=\"true\" class=\"wp-block-spacer\"><\/div>\n\n\n\n<h2 class=\"wp-block-heading\">Speicherfrist<\/h2>\n\n\n\n<p>Die US bewahrt die personenbezogenen Daten nur f\u00fcr die vorgesehene Dauer der Verarbeitung auf. Die Speicherfristen werden stets auf Grundlage des Zweckes der Verarbeitung festgelegt und sind genauer auf der hierf\u00fcr vorgesehenen Seite erl\u00e4utert.<br>Diesbez\u00fcglich werden die in den Vorschriften vorgeschriebenen Fristen, die Rechtsvorschriften zur betreffenden Verarbeitung, die in Artikel 5 der DSGVO niedergelegten Grunds\u00e4tze und die der US durch die Vorschriften bez\u00fcglich der Archive auferlegten Verpflichtungen (im Wesentlichen das Archivgesetz vom 24. Juni 1955) ber\u00fccksichtigt.<\/p>\n\n\n\n<div style=\"height:60px\" aria-hidden=\"true\" class=\"wp-block-spacer\"><\/div>\n\n\n\n<h2 class=\"wp-block-heading\">Daten\u00fcbermittlung personenbezogener Daten<\/h2>\n\n\n\n<p>Die personenbezogenen Daten werden an Dritte weitergegeben, wenn die US auf Grundlage ihrer rechtlichen Verpflichtungen dazu verpflichtet ist, im Rahmen der Ausf\u00fchrung einer Aufgabe, die im \u00f6ffentlichen Interesse liegt oder in Aus\u00fcbung \u00f6ffentlicher Gewalt, wegen eines berechtigten Interesses oder nach dem Erhalt Ihrer Einwilligung.<br>Die US kann, zur Einhaltung der internationalen Verpflichtungen Belgiens und gem\u00e4\u00df den geltenden Vorschriften, dazu veranlasst werden, einer europ\u00e4ischen Einrichtung (beispielsweise der gleichgesetzten Untersuchungsstelle eines anderen Staates oder externen Sachverst\u00e4ndigen) personenbezogene Daten mitzuteilen.<br>Genauere Erl\u00e4uterungen \u00fcber diesen Verkehr personenbezogener Daten (innerhalb der Europ\u00e4ischen Union) stehen <a href=\"#traitements\">hier<\/a>.<\/p>\n\n\n\n<div style=\"height:60px\" aria-hidden=\"true\" class=\"wp-block-spacer\"><\/div>\n\n\n\n<h2 class=\"wp-block-heading\">Ihre Rechte<\/h2>\n\n\n\n<p>Je nach Verarbeitung personenbezogener Daten verf\u00fcgt die betroffene Person \u00fcber eine Reihe von Rechten bez\u00fcglich ihrer Daten. Diese Rechte sind die Folgenden:<\/p>\n\n\n\n<ul class=\"wp-block-list\">\n<li>Auskunftsrecht und Recht auf Erhalt einer Kopie;<\/li>\n\n\n\n<li>Recht auf Berichtigung;<\/li>\n\n\n\n<li>Widerspruchsrecht;<\/li>\n\n\n\n<li>Recht auf Einschr\u00e4nkung der Verarbeitung;<\/li>\n\n\n\n<li>Recht auf L\u00f6schung;<\/li>\n\n\n\n<li>Recht auf Daten\u00fcbertragbarkeit;<\/li>\n\n\n\n<li>Recht auf Widerruf der Einwilligung.<\/li>\n<\/ul>\n\n\n\n<p>Sie werden diese Rechte allerdings nicht immer geltend machen k\u00f6nnen. Die Untersuchungsstelle f\u00fcr Eisenbahnunf\u00e4lle und -ereignisse und der F\u00d6D Mobilit\u00e4t und Transportwesen werden Sie dar\u00fcber stets \u00fcber die Gr\u00fcnde informieren.<\/p>\n\n\n\n<ul class=\"wp-block-list\">\n<li>Auskunftsrecht und Recht auf Erhalt einer Kopie: Sie haben das Recht, die Sie betreffenden personenbezogenen Daten, die durch die Untersuchungsstelle f\u00fcr Eisenbahnunf\u00e4lle und -ereignisse verarbeitet werden, zu konsultieren und eine kostenlose Kopie von ihnen zu erhalten.<\/li>\n\n\n\n<li>Recht auf Berichtigung: Sie haben das Recht die Sie betreffenden falschen personenbezogenen Daten unverz\u00fcglich korrigieren zu lassen. Sie haben das Recht, unter Ber\u00fccksichtigung der Zwecke der Verarbeitung, eine Vervollst\u00e4ndigung unvollst\u00e4ndiger personenbezogener Daten zu verlangen.<\/li>\n\n\n\n<li>Widerspruchsrecht: In bestimmten F\u00e4llen haben Sie das Recht, jederzeit Widerspruch gegen die Verarbeitung der sich aus Ihrer besonderen Situation ergebenden personenbezogenen Daten einzulegen.<\/li>\n\n\n\n<li>Recht auf Einschr\u00e4nkung der Verarbeitung: In bestimmten F\u00e4llen haben Sie das Recht, eine Einschr\u00e4nkung der Verarbeitung Ihrer personenbezogenen Daten zu verlangen.<\/li>\n\n\n\n<li>Recht auf L\u00f6schung: In bestimmten F\u00e4llen haben Sie das Recht zu verlangen, dass Sie betreffende personenbezogene Daten gel\u00f6scht werden, innerhalb einer angemessenen Frist.<\/li>\n\n\n\n<li>Recht auf Daten\u00fcbertragbarkeit: In bestimmten F\u00e4llen haben Sie das Recht, die Sie betreffenden personenbezogenen Daten, die Sie der Untersuchungsstelle f\u00fcr Eisenbahnunf\u00e4lle und -ereignisse bereitgestellt haben, in einem strukturierten, g\u00e4ngigen und maschinenlesbaren Format zu erhalten, und Sie haben das Recht, diese Daten einem anderen Verantwortlichen zu \u00fcbermitteln ohne Behinderung durch die Untersuchungsstelle f\u00fcr Eisenbahnunf\u00e4lle und -ereignisse.<\/li>\n\n\n\n<li>Recht auf Widerruf der Einwilligung: Sie k\u00f6nnen diese Zustimmung zur Verarbeitung personenbezogener Daten, die auf der Grundlage Ihrer Zustimmung erfolgt, widerrufen.<\/li>\n<\/ul>\n\n\n\n<div style=\"height:60px\" aria-hidden=\"true\" class=\"wp-block-spacer\"><\/div>\n\n\n\n<h2 class=\"wp-block-heading\">Aus\u00fcbung Ihrer Rechte<\/h2>\n\n\n\n<p>Zur Aus\u00fcbung Ihrer Rechte k\u00f6nnen Sie den beh\u00f6rdlichen Datenschutzbeauftragten \u00fcber unser <a href=\"https:\/\/www.rail-investigation.be\/wp-content\/uploads\/2023\/03\/formulaire_exercer_ses_droits.pdf\" target=\"_blank\" rel=\"noreferrer noopener\">Standardformular<\/a> kontaktieren. Bitte formulieren Sie Ihr Anliegen so klar wie m\u00f6glich, damit wir es bestm\u00f6glich bearbeiten k\u00f6nnen. Bitte senden Sie das ausgef\u00fcllte Formular an die folgende E-Mail-Adresse: dpo@mobilit.fgov.be.<br>Sollten Sie keinen Computer zur Verf\u00fcgung haben, k\u00f6nnen Sie Ihr Anliegen auch auf dem Postweg an unseren beh\u00f6rdlichen Datenschutzbeauftragten an folgende Adresse senden:<br>F\u00d6D Mobilit\u00e4t und Transportwesen<br>z. Hd. des DSB (9A64)<br>City Atrium<br>Rue du Progr\u00e8s 56<br>1210 Br\u00fcssel<\/p>\n\n\n\n<p>Wir erinnern Sie daran, dass Ihre Identit\u00e4t in angemessener Weise nachpr\u00fcfbar sein muss, damit wir sicherstellen k\u00f6nnen, dass kein Unbefugter Ihre Rechte aus\u00fcbt.<br>Im Prinzip wird Ihr Antrag innerhalb einer Frist von einem Monat bearbeitet. Wenn Ihr Antrag komplex ist oder wenn die Untersuchungsstelle f\u00fcr Eisenbahnunf\u00e4lle und -ereignisse eine gro\u00dfe Anzahl von Antr\u00e4gen beantragen muss, kann diese Frist um zwei Monate verl\u00e4ngert werden.<\/p>\n\n\n\n<div style=\"height:100px\" aria-hidden=\"true\" class=\"wp-block-spacer\"><\/div>\n\n\n\n<h2 class=\"wp-block-heading\" id=\"traitements\">Die Datenverarbeitung<\/h2>\n\n\n\n<h3 class=\"wp-block-heading\"><span style=\"color:#35A8E0\" class=\"tadv-color\">1. Untersuchungen zu den Eisenbahnunf\u00e4llen und -ereignissen<\/span><\/h3>\n\n\n\n<h4 class=\"wp-block-heading\">1.1. Beschreibung der Verarbeitung<\/h4>\n\n\n\n<p>Die Untersuchungsberichte und alle Erkenntnisse und darauf aufbauende Empfehlungen liefern entscheidende Informationen f\u00fcr die zuk\u00fcnftige Verbesserung der Eisenbahnsicherheit im einheitlichen europ\u00e4ischen Eisenbahnraum.<\/p>\n\n\n\n<p>Im Rahmen der Sicherheitsuntersuchungen werden Informationen gesammelt (Dateien, Sitzungsprotokolle, Befragungsprotokolle), die die Unternehmen (die Eisenbahnunternehmen, den Infrastrukturbetreiber, die Sicherheitsbeh\u00f6rden, die Hersteller, die f\u00fcr die Instandhaltung zust\u00e4ndigen Stellen usw.) und ihr Personal betreffen (gem\u00e4\u00df der Durchf\u00fchrungsverordnung (EU) 2020\/572).<\/p>\n\n\n\n<p>Auf Grundlage der Untersuchungst\u00e4tigkeit wird ebenfalls ein Meinungs- und Erfahrungsaustausch mit den gleichgesetzten Untersuchungsstellen der anderen Mitgliedstaaten der Europ\u00e4ischen Union durchgef\u00fchrt zur Erarbeitung gemeinsamer Untersuchungsmethoden und gemeinsamer Grunds\u00e4tze f\u00fcr die als Reaktion auf die Sicherheitsempfehlungen zu ergreifenden Folgema\u00dfnahmen und zur Anpassung an den wissenschaftlichen und technischen Fortschritt (gem\u00e4\u00df Artikel 114 des Gesetzes vom 30. August 2013 zur Einf\u00fchrung des Eisenbahngesetzbuches).<\/p>\n\n\n\n<div style=\"height:20px\" aria-hidden=\"true\" class=\"wp-block-spacer\"><\/div>\n\n\n\n<h4 class=\"wp-block-heading\">1.2. Akteure mit einem Zugang zu diesen Daten<\/h4>\n\n\n\n<ul class=\"wp-block-list\">\n<li>Personal der belgischen Untersuchungsstelle<\/li>\n\n\n\n<li>Personal der gleichgesetzten Untersuchungsstellen der anderen Mitgliedstaaten der Europ\u00e4ischen Union (nur im Rahmen von Untersuchungen wie festgelegt in Artikel 115 des Gesetzes vom 30. August 2013 zur Einf\u00fchrung des Eisenbahngesetzbuches)<\/li>\n\n\n\n<li>Sachverst\u00e4ndige (gem\u00e4\u00df dem Artikel 117 des Gesetzes vom 30. August 2013 zur Einf\u00fchrung des Eisenbahngesetzbuches)<\/li>\n<\/ul>\n\n\n\n<div style=\"height:20px\" aria-hidden=\"true\" class=\"wp-block-spacer\"><\/div>\n\n\n\n<h4 class=\"wp-block-heading\">1.3. Verwendungszweck<\/h4>\n\n\n\n<p>Die Untersuchungsberichte sowie die eventuellen Feststellungen und sp\u00e4teren Empfehlungen liefern Informationen f\u00fcr die zuk\u00fcnftige Verbesserung der Eisenbahnsicherheit. Die Untersuchungsberichte werden so weit wie m\u00f6glich an die in der in Anhang I der Durchf\u00fchrungsverordnung (EU) 2020\/572 festgelegten Struktur angepasst. Die Untersuchungsberichte der Untersuchungsstelle sind anonymisiert.<\/p>\n\n\n\n<div style=\"height:20px\" aria-hidden=\"true\" class=\"wp-block-spacer\"><\/div>\n\n\n\n<h4 class=\"wp-block-heading\">1.4. Legitimit\u00e4t<\/h4>\n\n\n\n<p>Auftrag der Untersuchungsstelle (Gesetz vom 30. August 2013 zur Einf\u00fchrung des Eisenbahngesetzbuches &#8211; K\u00f6niglicher Erlass vom 16. Januar 2007 \u00fcber die Festlegung gewisser Regeln bez\u00fcglich der Untersuchungen nach Eisenbahnunf\u00e4llen und -st\u00f6rungen &#8211; Durchf\u00fchrungsverordnung (EU) 2020\/572 der Kommission vom 24. April 2020 \u00fcber die zu befolgende Berichterstattungsstruktur f\u00fcr Berichte \u00fcber die Untersuchung von Eisenbahnunf\u00e4llen und -st\u00f6rungen)<\/p>\n\n\n\n<div style=\"height:20px\" aria-hidden=\"true\" class=\"wp-block-spacer\"><\/div>\n\n\n\n<h4 class=\"wp-block-heading\">1.5. Personenbezogene Daten<\/h4>\n\n\n\n<p>Der Inhalt der Aufzeichnungsger\u00e4te f\u00fcr gesprochene Nachrichten, die Ergebnisse der Untersuchung der K\u00f6rper der Opfer, die Ergebnisse der Untersuchung des Bordpersonals und der anderen beteiligten Mitglieder des Eisenbahnpersonals, die Befragungen des beteiligten Eisenbahnpersonals und der anderen Zeugen, die Kopie der Erkl\u00e4rungen, die diese Personen anderen Stellen gegen\u00fcber abgegeben haben, alle sachdienlichen Informationen oder Dokumente im Besitz der SNCB-Holding, des Eisenbahninfrastrukturbetreibers, des beteiligten Eisenbahnunternehmens und der Sicherheitsbeh\u00f6rde, die menschlichen und individuellen Merkmale des beteiligten Eisenbahnpersonals (die Aus- und Weiterbildung, die Fachkenntnisse und die Erfahrung, die medizinischen und pers\u00f6nlichen Faktoren, die das Ereignis beeinflusst haben, einschlie\u00dflich physischen oder psychischen Stresses, die M\u00fcdigkeit, die Motivation und die Einstellung).<\/p>\n\n\n\n<div style=\"height:20px\" aria-hidden=\"true\" class=\"wp-block-spacer\"><\/div>\n\n\n\n<h4 class=\"wp-block-heading\">1.6. Datenspeicherung<\/h4>\n\n\n\n<p>Die Daten werden f\u00fcr eine Dauer von 50 Jahren gespeichert.<\/p>\n\n\n\n<div style=\"height:20px\" aria-hidden=\"true\" class=\"wp-block-spacer\"><\/div>\n\n\n\n<h4 class=\"wp-block-heading\">1.7. Datenaustausch<\/h4>\n\n\n\n<p>Die Daten werden nicht an Dritte weitergegeben (mit Ausnahme der in Punkt 1.2 definierten Akteure).<\/p>\n\n\n\n<div style=\"height:100px\" aria-hidden=\"true\" class=\"wp-block-spacer\"><\/div>\n\n\n\n<h3 class=\"wp-block-heading\"><span style=\"color:#35A8E0\" class=\"tadv-color\">2. Verwaltung der Kontaktpersonen<\/span><\/h3>\n\n\n\n<h4 class=\"wp-block-heading\">2.1. Beschreibung der Verarbeitung<\/h4>\n\n\n\n<p>Verwaltung des Adressbuches (berufliche Kontakte), zug\u00e4nglich f\u00fcr den Dienst.<\/p>\n\n\n\n<div style=\"height:20px\" aria-hidden=\"true\" class=\"wp-block-spacer\"><\/div>\n\n\n\n<h4 class=\"wp-block-heading\">2.2. Akteure mit einem Zugang zu diesen Daten<\/h4>\n\n\n\n<p>Personal der Untersuchungsstelle<\/p>\n\n\n\n<div style=\"height:20px\" aria-hidden=\"true\" class=\"wp-block-spacer\"><\/div>\n\n\n\n<h4 class=\"wp-block-heading\">2.3. Verwendungszweck<\/h4>\n\n\n\n<p>Akteure des Sektors kontaktieren<\/p>\n\n\n\n<div style=\"height:20px\" aria-hidden=\"true\" class=\"wp-block-spacer\"><\/div>\n\n\n\n<h4 class=\"wp-block-heading\">2.4. Legitimit\u00e4t<\/h4>\n\n\n\n<p>Legitimes Interesse<\/p>\n\n\n\n<div style=\"height:20px\" aria-hidden=\"true\" class=\"wp-block-spacer\"><\/div>\n\n\n\n<h4 class=\"wp-block-heading\">2.5. Personenbezogene Daten<\/h4>\n\n\n\n<p>Identifizierung und Kontaktdaten, Funktion<\/p>\n\n\n\n<div style=\"height:20px\" aria-hidden=\"true\" class=\"wp-block-spacer\"><\/div>\n\n\n\n<h4 class=\"wp-block-heading\">2.6. Datenspeicherung<\/h4>\n\n\n\n<p>Die Daten werden solange gespeichert, bis zum Widerruf der Zustimmung der betroffenen Person.<\/p>\n\n\n\n<div style=\"height:20px\" aria-hidden=\"true\" class=\"wp-block-spacer\"><\/div>\n\n\n\n<h4 class=\"wp-block-heading\">2.7. Datenaustausch<\/h4>\n\n\n\n<p>Die Daten werden nicht an Dritte weitergegeben.<\/p>\n","protected":false},"excerpt":{"rendered":"<p>Allgemeines Die vorliegende Erkl\u00e4rung erl\u00e4utert die Politik der Untersuchungsstelle f\u00fcr Eisenbahnunf\u00e4lle und -ereignisse (nachfolgend &#8222;US&#8220; abgek\u00fcrzt) hinsichtlich der Verarbeitung personenbezogener Daten und setzt die in der Datenschutz-Grundverordnung (abgek\u00fcrzt &#8222;DSGVO&#8220;, &#8222;GDPR&#8220; auf Englisch) enthaltenen Verpflichtungen zur Transparenz um.Die vorliegende Erkl\u00e4rung ist eine kurze Zusammenfassung dieser DSGVO. Die US stellt jedoch ausf\u00fchrlichere Informationen auf separaten Seiten zur<\/p>\n","protected":false},"author":1,"featured_media":0,"parent":0,"menu_order":0,"comment_status":"closed","ping_status":"open","template":"","meta":{"_acf_changed":false,"footnotes":""},"class_list":["post-3371","page","type-page","status-publish","hentry"],"acf":[],"featured_image_urls_v2":{"full":"","thumbnail":"","medium":"","medium_large":"","large":"","1536x1536":"","2048x2048":""},"post_excerpt_stackable_v2":"<p>Allgemeines Die vorliegende Erkl\u00e4rung erl\u00e4utert die Politik der Untersuchungsstelle f\u00fcr Eisenbahnunf\u00e4lle und -ereignisse (nachfolgend &#8222;US&#8220; abgek\u00fcrzt) hinsichtlich der Verarbeitung personenbezogener Daten und setzt die in der Datenschutz-Grundverordnung (abgek\u00fcrzt &#8222;DSGVO&#8220;, &#8222;GDPR&#8220; auf Englisch) enthaltenen Verpflichtungen zur Transparenz um.Die vorliegende Erkl\u00e4rung ist eine kurze Zusammenfassung dieser DSGVO. Die US stellt jedoch ausf\u00fchrlichere Informationen auf separaten Seiten zur Verf\u00fcgung. Die vorliegende Erkl\u00e4rung kann jederzeit ge\u00e4ndert werden, als Folge von \u00c4nderungen der Abl\u00e4ufe der US, neuen Vorschriften und Entwicklungen des Standpunktes der Aufsichtsbeh\u00f6rden. Die US bem\u00fcht sich stets, diese Entwicklungen ordnungsgem\u00e4\u00df und fr\u00fchzeitig im Rahmen der vorliegenden Erkl\u00e4rung zu ber\u00fccksichtigen und Ihnen gegebenenfalls zus\u00e4tzliche&hellip;<\/p>\n","category_list_v2":"","author_info_v2":{"name":"ci","url":"https:\/\/www.rail-investigation.be\/de\/author\/ci\/"},"comments_num_v2":"0 comments","yoast_head":"<!-- This site is optimized with the Yoast SEO plugin v27.3 - https:\/\/yoast.com\/product\/yoast-seo-wordpress\/ -->\n<title>Datenschutzerkl\u00e4rung - Organisme d&#039;Enqu\u00eate sur les Accidents et Incidents Ferroviaires<\/title>\n<meta name=\"robots\" content=\"index, follow, max-snippet:-1, max-image-preview:large, max-video-preview:-1\" \/>\n<link rel=\"canonical\" href=\"https:\/\/www.rail-investigation.be\/de\/datenschutzerklarung\/\" \/>\n<meta property=\"og:locale\" content=\"de_DE\" \/>\n<meta property=\"og:type\" content=\"article\" \/>\n<meta property=\"og:title\" content=\"Datenschutzerkl\u00e4rung - Organisme d&#039;Enqu\u00eate sur les Accidents et Incidents Ferroviaires\" \/>\n<meta property=\"og:description\" content=\"Allgemeines Die vorliegende Erkl\u00e4rung erl\u00e4utert die Politik der Untersuchungsstelle f\u00fcr Eisenbahnunf\u00e4lle und -ereignisse (nachfolgend &#8222;US&#8220; abgek\u00fcrzt) hinsichtlich der Verarbeitung personenbezogener Daten und setzt die in der Datenschutz-Grundverordnung (abgek\u00fcrzt &#8222;DSGVO&#8220;, &#8222;GDPR&#8220; auf Englisch) enthaltenen Verpflichtungen zur Transparenz um.Die vorliegende Erkl\u00e4rung ist eine kurze Zusammenfassung dieser DSGVO. Die US stellt jedoch ausf\u00fchrlichere Informationen auf separaten Seiten zur\" \/>\n<meta property=\"og:url\" content=\"https:\/\/www.rail-investigation.be\/de\/datenschutzerklarung\/\" \/>\n<meta property=\"og:site_name\" content=\"Organisme d&#039;Enqu\u00eate sur les Accidents et Incidents Ferroviaires\" \/>\n<meta property=\"article:modified_time\" content=\"2023-03-21T13:07:12+00:00\" \/>\n<meta name=\"twitter:card\" content=\"summary_large_image\" \/>\n<meta name=\"twitter:label1\" content=\"Gesch\u00e4tzte Lesezeit\" \/>\n\t<meta name=\"twitter:data1\" content=\"8\u00a0Minuten\" \/>\n<script type=\"application\/ld+json\" class=\"yoast-schema-graph\">{\"@context\":\"https:\\\/\\\/schema.org\",\"@graph\":[{\"@type\":\"WebPage\",\"@id\":\"https:\\\/\\\/www.rail-investigation.be\\\/de\\\/datenschutzerklarung\\\/\",\"url\":\"https:\\\/\\\/www.rail-investigation.be\\\/de\\\/datenschutzerklarung\\\/\",\"name\":\"Datenschutzerkl\u00e4rung - Organisme d&#039;Enqu\u00eate sur les Accidents et Incidents Ferroviaires\",\"isPartOf\":{\"@id\":\"https:\\\/\\\/www.rail-investigation.be\\\/#website\"},\"datePublished\":\"2020-01-21T10:33:44+00:00\",\"dateModified\":\"2023-03-21T13:07:12+00:00\",\"breadcrumb\":{\"@id\":\"https:\\\/\\\/www.rail-investigation.be\\\/de\\\/datenschutzerklarung\\\/#breadcrumb\"},\"inLanguage\":\"de\",\"potentialAction\":[{\"@type\":\"ReadAction\",\"target\":[\"https:\\\/\\\/www.rail-investigation.be\\\/de\\\/datenschutzerklarung\\\/\"]}]},{\"@type\":\"BreadcrumbList\",\"@id\":\"https:\\\/\\\/www.rail-investigation.be\\\/de\\\/datenschutzerklarung\\\/#breadcrumb\",\"itemListElement\":[{\"@type\":\"ListItem\",\"position\":1,\"name\":\"Accueil\",\"item\":\"https:\\\/\\\/www.rail-investigation.be\\\/de\\\/\"},{\"@type\":\"ListItem\",\"position\":2,\"name\":\"Datenschutzerkl\u00e4rung\"}]},{\"@type\":\"WebSite\",\"@id\":\"https:\\\/\\\/www.rail-investigation.be\\\/#website\",\"url\":\"https:\\\/\\\/www.rail-investigation.be\\\/\",\"name\":\"Organisme d&#039;Enqu\u00eate sur les Accidents et Incidents Ferroviaires\",\"description\":\"\",\"potentialAction\":[{\"@type\":\"SearchAction\",\"target\":{\"@type\":\"EntryPoint\",\"urlTemplate\":\"https:\\\/\\\/www.rail-investigation.be\\\/?s={search_term_string}\"},\"query-input\":{\"@type\":\"PropertyValueSpecification\",\"valueRequired\":true,\"valueName\":\"search_term_string\"}}],\"inLanguage\":\"de\"}]}<\/script>\n<!-- \/ Yoast SEO plugin. -->","yoast_head_json":{"title":"Datenschutzerkl\u00e4rung - Organisme d&#039;Enqu\u00eate sur les Accidents et Incidents Ferroviaires","robots":{"index":"index","follow":"follow","max-snippet":"max-snippet:-1","max-image-preview":"max-image-preview:large","max-video-preview":"max-video-preview:-1"},"canonical":"https:\/\/www.rail-investigation.be\/de\/datenschutzerklarung\/","og_locale":"de_DE","og_type":"article","og_title":"Datenschutzerkl\u00e4rung - Organisme d&#039;Enqu\u00eate sur les Accidents et Incidents Ferroviaires","og_description":"Allgemeines Die vorliegende Erkl\u00e4rung erl\u00e4utert die Politik der Untersuchungsstelle f\u00fcr Eisenbahnunf\u00e4lle und -ereignisse (nachfolgend &#8222;US&#8220; abgek\u00fcrzt) hinsichtlich der Verarbeitung personenbezogener Daten und setzt die in der Datenschutz-Grundverordnung (abgek\u00fcrzt &#8222;DSGVO&#8220;, &#8222;GDPR&#8220; auf Englisch) enthaltenen Verpflichtungen zur Transparenz um.Die vorliegende Erkl\u00e4rung ist eine kurze Zusammenfassung dieser DSGVO. Die US stellt jedoch ausf\u00fchrlichere Informationen auf separaten Seiten zur","og_url":"https:\/\/www.rail-investigation.be\/de\/datenschutzerklarung\/","og_site_name":"Organisme d&#039;Enqu\u00eate sur les Accidents et Incidents Ferroviaires","article_modified_time":"2023-03-21T13:07:12+00:00","twitter_card":"summary_large_image","twitter_misc":{"Gesch\u00e4tzte Lesezeit":"8\u00a0Minuten"},"schema":{"@context":"https:\/\/schema.org","@graph":[{"@type":"WebPage","@id":"https:\/\/www.rail-investigation.be\/de\/datenschutzerklarung\/","url":"https:\/\/www.rail-investigation.be\/de\/datenschutzerklarung\/","name":"Datenschutzerkl\u00e4rung - Organisme d&#039;Enqu\u00eate sur les Accidents et Incidents Ferroviaires","isPartOf":{"@id":"https:\/\/www.rail-investigation.be\/#website"},"datePublished":"2020-01-21T10:33:44+00:00","dateModified":"2023-03-21T13:07:12+00:00","breadcrumb":{"@id":"https:\/\/www.rail-investigation.be\/de\/datenschutzerklarung\/#breadcrumb"},"inLanguage":"de","potentialAction":[{"@type":"ReadAction","target":["https:\/\/www.rail-investigation.be\/de\/datenschutzerklarung\/"]}]},{"@type":"BreadcrumbList","@id":"https:\/\/www.rail-investigation.be\/de\/datenschutzerklarung\/#breadcrumb","itemListElement":[{"@type":"ListItem","position":1,"name":"Accueil","item":"https:\/\/www.rail-investigation.be\/de\/"},{"@type":"ListItem","position":2,"name":"Datenschutzerkl\u00e4rung"}]},{"@type":"WebSite","@id":"https:\/\/www.rail-investigation.be\/#website","url":"https:\/\/www.rail-investigation.be\/","name":"Organisme d&#039;Enqu\u00eate sur les Accidents et Incidents Ferroviaires","description":"","potentialAction":[{"@type":"SearchAction","target":{"@type":"EntryPoint","urlTemplate":"https:\/\/www.rail-investigation.be\/?s={search_term_string}"},"query-input":{"@type":"PropertyValueSpecification","valueRequired":true,"valueName":"search_term_string"}}],"inLanguage":"de"}]}},"_links":{"self":[{"href":"https:\/\/www.rail-investigation.be\/de\/wp-json\/wp\/v2\/pages\/3371","targetHints":{"allow":["GET"]}}],"collection":[{"href":"https:\/\/www.rail-investigation.be\/de\/wp-json\/wp\/v2\/pages"}],"about":[{"href":"https:\/\/www.rail-investigation.be\/de\/wp-json\/wp\/v2\/types\/page"}],"author":[{"embeddable":true,"href":"https:\/\/www.rail-investigation.be\/de\/wp-json\/wp\/v2\/users\/1"}],"replies":[{"embeddable":true,"href":"https:\/\/www.rail-investigation.be\/de\/wp-json\/wp\/v2\/comments?post=3371"}],"version-history":[{"count":3,"href":"https:\/\/www.rail-investigation.be\/de\/wp-json\/wp\/v2\/pages\/3371\/revisions"}],"predecessor-version":[{"id":4673,"href":"https:\/\/www.rail-investigation.be\/de\/wp-json\/wp\/v2\/pages\/3371\/revisions\/4673"}],"wp:attachment":[{"href":"https:\/\/www.rail-investigation.be\/de\/wp-json\/wp\/v2\/media?parent=3371"}],"curies":[{"name":"wp","href":"https:\/\/api.w.org\/{rel}","templated":true}]}}