
{"id":2419,"date":"2020-03-17T15:28:10","date_gmt":"2020-03-17T14:28:10","guid":{"rendered":"http:\/\/www.rail-investigation.be\/?page_id=2419"},"modified":"2021-01-21T12:27:13","modified_gmt":"2021-01-21T11:27:13","slug":"definition","status":"publish","type":"page","link":"https:\/\/www.rail-investigation.be\/de\/definition\/","title":{"rendered":"Begriffsbestimmungen"},"content":{"rendered":"<h4><span class=\"txt-bleu-moyen\"><b>Unfall<\/b><\/span><\/h4>\n<p>Ein unerw\u00fcnschtes oder unbeabsichtigtes pl\u00f6tzliches Ereignis oder eine besondere Verkettung derartiger Ereignisse, die sch\u00e4dliche Folgen haben; Unf\u00e4lle werden in folgende Kategorien eingeteilt: Kollisionen, Entgleisungen, Unf\u00e4lle auf Bahn\u00fcberg\u00e4ngen, Unf\u00e4lle mit Personensch\u00e4den, die von in Bewegung befindlichen Fahrzeugen verursacht wurden, Br\u00e4nde und sonstige Unf\u00e4lle.<\/p>\n<h4><span class=\"txt-bleu-moyen\"><b>St\u00f6rung<\/b><\/span><\/h4>\n<p>Ein anderes Ereignis als ein Unfall oder ein schwerer Unfall, das mit dem Betrieb eines Zuges zusammenh\u00e4ngt und den sicheren Betrieb beeintr\u00e4chtigt.<\/p>\n<h4><span class=\"txt-bleu-moyen\"><b>Untersuchung<\/b>\u00a0<\/span><\/h4>\n<p>Ein Verfahren zum Zweck der Verh\u00fctung von Unf\u00e4llen und St\u00f6rungen, das die Sammlung und Auswertung von Informationen, die Erarbeitung von Schlussfolgerungen einschlie\u00dflich der Feststellung der Ursachen und gegebenenfalls die Abgabe von Sicherheitsempfehlungen umfasst.<\/p>\n<h4><span class=\"txt-bleu-moyen\"><b>Schwerer Unfall<\/b><\/span><\/h4>\n<p>Eine Zugkollision oder Zugentgleisung mit mindestens einem Todesopfer oder mindestens f\u00fcnf Schwerverletzten oder mit betr\u00e4chtlichem Schaden f\u00fcr das Eisenbahnrollmaterial, die Infrastruktur oder die Umwelt sowie sonstige vergleichbare Unf\u00e4lle mit offensichtlichen Auswirkungen auf die Regelung der Eisenbahnsicherheit oder das Sicherheitsmanagement; Der Begriff \u201ebetr\u00e4chtlicher Schaden\u201c bedeutet, dass die Kosten von der Untersuchungsstelle unmittelbar auf insgesamt mindestens 2 Millionen Euro veranschlagt werden k\u00f6nnen.<\/p>\n<p>&nbsp;<\/p>\n<h4><span class=\"txt-bleu-moyen\">Unfall\/St\u00f6rung niveau 1 \u201eSchwer\u201c \u00a0<\/span><\/h4>\n<p>Jede Art von Unfall\/St\u00f6rung mit:<\/p>\n<ul>\n<li>mindestens einem Todesopfer, oder<\/li>\n<li>mindestens f\u00fcnf Schwerverletzten, oder<\/li>\n<li>betr\u00e4chtlichem Schaden f\u00fcr das Eisenbahnrollmaterial, die Infrastruktur oder die Umwelt; der Begriff \u201ebetr\u00e4chtlicher Schaden\u201c bedeutet, dass die Kosten von der Untersuchungsstelle unmittelbar auf insgesamt mindestens 2 Millionen Euro veranschlagt werden k\u00f6nnen..<\/li>\n<\/ul>\n<h4><span class=\"txt-bleu-moyen\">Unfall\/<\/span><span class=\"txt-bleu-moyen\">St\u00f6rung niveau\u00a0<\/span><span class=\"txt-bleu-moyen\">2 \u201eSignifikant\u201c<\/span><\/h4>\n<p>Jede Art von Unfall\/St\u00f6rung mit:<\/p>\n<ul>\n<li>mindestens einem Schwerverletzten, oder<\/li>\n<li>einem verursachte Sachschaden in H\u00f6he von sch\u00e4tzungsweise mindestens 150 000 EUR, oder<\/li>\n<li>eine Unterbrechung des Eisenbahnverkehrs f\u00fcr mehr als 6 Stunden.<\/li>\n<\/ul>\n<h4><span class=\"txt-bleu-moyen\">Unfall\/<\/span><span class=\"txt-bleu-moyen\">St\u00f6rung niveau\u00a0<\/span><span class=\"txt-bleu txt-bleu-moyen\"> 3 \u201eSonstige\u201c<\/span><\/h4>\n<p>Die Unf\u00e4lle und St\u00f6rungen, die keiner der beiden anderen Klassifizierungen entsprechen.\u00a0<\/p>\n<p>&nbsp;<\/p>\n","protected":false},"excerpt":{"rendered":"<p>Unfall Ein unerw\u00fcnschtes oder unbeabsichtigtes pl\u00f6tzliches Ereignis oder eine besondere Verkettung derartiger Ereignisse, die sch\u00e4dliche Folgen haben; Unf\u00e4lle werden in folgende Kategorien eingeteilt: Kollisionen, Entgleisungen, Unf\u00e4lle auf Bahn\u00fcberg\u00e4ngen, Unf\u00e4lle mit Personensch\u00e4den, die von in Bewegung befindlichen Fahrzeugen verursacht wurden, Br\u00e4nde und sonstige Unf\u00e4lle. St\u00f6rung Ein anderes Ereignis als ein Unfall oder ein schwerer Unfall, das<\/p>\n","protected":false},"author":6,"featured_media":0,"parent":0,"menu_order":0,"comment_status":"closed","ping_status":"closed","template":"","meta":{"_acf_changed":false,"footnotes":""},"class_list":["post-2419","page","type-page","status-publish","hentry"],"acf":[],"featured_image_urls_v2":{"full":"","thumbnail":"","medium":"","medium_large":"","large":"","1536x1536":"","2048x2048":""},"post_excerpt_stackable_v2":"<p>Unfall Ein unerw\u00fcnschtes oder unbeabsichtigtes pl\u00f6tzliches Ereignis oder eine besondere Verkettung derartiger Ereignisse, die sch\u00e4dliche Folgen haben; Unf\u00e4lle werden in folgende Kategorien eingeteilt: Kollisionen, Entgleisungen, Unf\u00e4lle auf Bahn\u00fcberg\u00e4ngen, Unf\u00e4lle mit Personensch\u00e4den, die von in Bewegung befindlichen Fahrzeugen verursacht wurden, Br\u00e4nde und sonstige Unf\u00e4lle. St\u00f6rung Ein anderes Ereignis als ein Unfall oder ein schwerer Unfall, das mit dem Betrieb eines Zuges zusammenh\u00e4ngt und den sicheren Betrieb beeintr\u00e4chtigt. Untersuchung\u00a0 Ein Verfahren zum Zweck der Verh\u00fctung von Unf\u00e4llen und St\u00f6rungen, das die Sammlung und Auswertung von Informationen, die Erarbeitung von Schlussfolgerungen einschlie\u00dflich der Feststellung der Ursachen und gegebenenfalls die Abgabe von Sicherheitsempfehlungen umfasst.&hellip;<\/p>\n","category_list_v2":"","author_info_v2":{"name":"Leslie Mathues","url":"https:\/\/www.rail-investigation.be\/de\/author\/lmathues\/"},"comments_num_v2":"0 comments","yoast_head":"<!-- This site is optimized with the Yoast SEO plugin v27.4 - https:\/\/yoast.com\/product\/yoast-seo-wordpress\/ -->\n<title>Begriffsbestimmungen - Organisme d&#039;Enqu\u00eate sur les Accidents et Incidents Ferroviaires<\/title>\n<meta name=\"robots\" content=\"index, follow, max-snippet:-1, max-image-preview:large, max-video-preview:-1\" \/>\n<link rel=\"canonical\" href=\"https:\/\/www.rail-investigation.be\/de\/definition\/\" \/>\n<meta property=\"og:locale\" content=\"de_DE\" \/>\n<meta property=\"og:type\" content=\"article\" \/>\n<meta property=\"og:title\" content=\"Begriffsbestimmungen - Organisme d&#039;Enqu\u00eate sur les Accidents et Incidents Ferroviaires\" \/>\n<meta property=\"og:description\" content=\"Unfall Ein unerw\u00fcnschtes oder unbeabsichtigtes pl\u00f6tzliches Ereignis oder eine besondere Verkettung derartiger Ereignisse, die sch\u00e4dliche Folgen haben; Unf\u00e4lle werden in folgende Kategorien eingeteilt: Kollisionen, Entgleisungen, Unf\u00e4lle auf Bahn\u00fcberg\u00e4ngen, Unf\u00e4lle mit Personensch\u00e4den, die von in Bewegung befindlichen Fahrzeugen verursacht wurden, Br\u00e4nde und sonstige Unf\u00e4lle. St\u00f6rung Ein anderes Ereignis als ein Unfall oder ein schwerer Unfall, das\" \/>\n<meta property=\"og:url\" content=\"https:\/\/www.rail-investigation.be\/de\/definition\/\" \/>\n<meta property=\"og:site_name\" content=\"Organisme d&#039;Enqu\u00eate sur les Accidents et Incidents Ferroviaires\" \/>\n<meta property=\"article:modified_time\" content=\"2021-01-21T11:27:13+00:00\" \/>\n<meta name=\"twitter:card\" content=\"summary_large_image\" \/>\n<meta name=\"twitter:label1\" content=\"Gesch\u00e4tzte Lesezeit\" \/>\n\t<meta name=\"twitter:data1\" content=\"1\u00a0Minute\" \/>\n<script type=\"application\/ld+json\" class=\"yoast-schema-graph\">{\"@context\":\"https:\\\/\\\/schema.org\",\"@graph\":[{\"@type\":\"WebPage\",\"@id\":\"https:\\\/\\\/www.rail-investigation.be\\\/de\\\/definition\\\/\",\"url\":\"https:\\\/\\\/www.rail-investigation.be\\\/de\\\/definition\\\/\",\"name\":\"Begriffsbestimmungen - Organisme d&#039;Enqu\u00eate sur les Accidents et Incidents Ferroviaires\",\"isPartOf\":{\"@id\":\"https:\\\/\\\/www.rail-investigation.be\\\/#website\"},\"datePublished\":\"2020-03-17T14:28:10+00:00\",\"dateModified\":\"2021-01-21T11:27:13+00:00\",\"breadcrumb\":{\"@id\":\"https:\\\/\\\/www.rail-investigation.be\\\/de\\\/definition\\\/#breadcrumb\"},\"inLanguage\":\"de\",\"potentialAction\":[{\"@type\":\"ReadAction\",\"target\":[\"https:\\\/\\\/www.rail-investigation.be\\\/de\\\/definition\\\/\"]}]},{\"@type\":\"BreadcrumbList\",\"@id\":\"https:\\\/\\\/www.rail-investigation.be\\\/de\\\/definition\\\/#breadcrumb\",\"itemListElement\":[{\"@type\":\"ListItem\",\"position\":1,\"name\":\"Accueil\",\"item\":\"https:\\\/\\\/www.rail-investigation.be\\\/de\\\/\"},{\"@type\":\"ListItem\",\"position\":2,\"name\":\"Begriffsbestimmungen\"}]},{\"@type\":\"WebSite\",\"@id\":\"https:\\\/\\\/www.rail-investigation.be\\\/#website\",\"url\":\"https:\\\/\\\/www.rail-investigation.be\\\/\",\"name\":\"Organisme d&#039;Enqu\u00eate sur les Accidents et Incidents Ferroviaires\",\"description\":\"\",\"potentialAction\":[{\"@type\":\"SearchAction\",\"target\":{\"@type\":\"EntryPoint\",\"urlTemplate\":\"https:\\\/\\\/www.rail-investigation.be\\\/?s={search_term_string}\"},\"query-input\":{\"@type\":\"PropertyValueSpecification\",\"valueRequired\":true,\"valueName\":\"search_term_string\"}}],\"inLanguage\":\"de\"}]}<\/script>\n<!-- \/ Yoast SEO plugin. -->","yoast_head_json":{"title":"Begriffsbestimmungen - Organisme d&#039;Enqu\u00eate sur les Accidents et Incidents Ferroviaires","robots":{"index":"index","follow":"follow","max-snippet":"max-snippet:-1","max-image-preview":"max-image-preview:large","max-video-preview":"max-video-preview:-1"},"canonical":"https:\/\/www.rail-investigation.be\/de\/definition\/","og_locale":"de_DE","og_type":"article","og_title":"Begriffsbestimmungen - Organisme d&#039;Enqu\u00eate sur les Accidents et Incidents Ferroviaires","og_description":"Unfall Ein unerw\u00fcnschtes oder unbeabsichtigtes pl\u00f6tzliches Ereignis oder eine besondere Verkettung derartiger Ereignisse, die sch\u00e4dliche Folgen haben; Unf\u00e4lle werden in folgende Kategorien eingeteilt: Kollisionen, Entgleisungen, Unf\u00e4lle auf Bahn\u00fcberg\u00e4ngen, Unf\u00e4lle mit Personensch\u00e4den, die von in Bewegung befindlichen Fahrzeugen verursacht wurden, Br\u00e4nde und sonstige Unf\u00e4lle. St\u00f6rung Ein anderes Ereignis als ein Unfall oder ein schwerer Unfall, das","og_url":"https:\/\/www.rail-investigation.be\/de\/definition\/","og_site_name":"Organisme d&#039;Enqu\u00eate sur les Accidents et Incidents Ferroviaires","article_modified_time":"2021-01-21T11:27:13+00:00","twitter_card":"summary_large_image","twitter_misc":{"Gesch\u00e4tzte Lesezeit":"1\u00a0Minute"},"schema":{"@context":"https:\/\/schema.org","@graph":[{"@type":"WebPage","@id":"https:\/\/www.rail-investigation.be\/de\/definition\/","url":"https:\/\/www.rail-investigation.be\/de\/definition\/","name":"Begriffsbestimmungen - Organisme d&#039;Enqu\u00eate sur les Accidents et Incidents Ferroviaires","isPartOf":{"@id":"https:\/\/www.rail-investigation.be\/#website"},"datePublished":"2020-03-17T14:28:10+00:00","dateModified":"2021-01-21T11:27:13+00:00","breadcrumb":{"@id":"https:\/\/www.rail-investigation.be\/de\/definition\/#breadcrumb"},"inLanguage":"de","potentialAction":[{"@type":"ReadAction","target":["https:\/\/www.rail-investigation.be\/de\/definition\/"]}]},{"@type":"BreadcrumbList","@id":"https:\/\/www.rail-investigation.be\/de\/definition\/#breadcrumb","itemListElement":[{"@type":"ListItem","position":1,"name":"Accueil","item":"https:\/\/www.rail-investigation.be\/de\/"},{"@type":"ListItem","position":2,"name":"Begriffsbestimmungen"}]},{"@type":"WebSite","@id":"https:\/\/www.rail-investigation.be\/#website","url":"https:\/\/www.rail-investigation.be\/","name":"Organisme d&#039;Enqu\u00eate sur les Accidents et Incidents Ferroviaires","description":"","potentialAction":[{"@type":"SearchAction","target":{"@type":"EntryPoint","urlTemplate":"https:\/\/www.rail-investigation.be\/?s={search_term_string}"},"query-input":{"@type":"PropertyValueSpecification","valueRequired":true,"valueName":"search_term_string"}}],"inLanguage":"de"}]}},"_links":{"self":[{"href":"https:\/\/www.rail-investigation.be\/de\/wp-json\/wp\/v2\/pages\/2419","targetHints":{"allow":["GET"]}}],"collection":[{"href":"https:\/\/www.rail-investigation.be\/de\/wp-json\/wp\/v2\/pages"}],"about":[{"href":"https:\/\/www.rail-investigation.be\/de\/wp-json\/wp\/v2\/types\/page"}],"author":[{"embeddable":true,"href":"https:\/\/www.rail-investigation.be\/de\/wp-json\/wp\/v2\/users\/6"}],"replies":[{"embeddable":true,"href":"https:\/\/www.rail-investigation.be\/de\/wp-json\/wp\/v2\/comments?post=2419"}],"version-history":[{"count":11,"href":"https:\/\/www.rail-investigation.be\/de\/wp-json\/wp\/v2\/pages\/2419\/revisions"}],"predecessor-version":[{"id":3401,"href":"https:\/\/www.rail-investigation.be\/de\/wp-json\/wp\/v2\/pages\/2419\/revisions\/3401"}],"wp:attachment":[{"href":"https:\/\/www.rail-investigation.be\/de\/wp-json\/wp\/v2\/media?parent=2419"}],"curies":[{"name":"wp","href":"https:\/\/api.w.org\/{rel}","templated":true}]}}