
{"id":2063,"date":"2020-02-07T11:27:14","date_gmt":"2020-02-07T10:27:14","guid":{"rendered":"http:\/\/www.rail-investigation.be\/contact\/"},"modified":"2024-08-20T11:11:33","modified_gmt":"2024-08-20T09:11:33","slug":"kontakt","status":"publish","type":"page","link":"https:\/\/www.rail-investigation.be\/de\/kontakt\/","title":{"rendered":"Kontakt"},"content":{"rendered":"\n<div class=\"wp-block-columns is-layout-flex wp-container-core-columns-is-layout-9d6595d7 wp-block-columns-is-layout-flex\">\n<div class=\"wp-block-column is-layout-flow wp-block-column-is-layout-flow\">    <div class=\"googlemaps-canvas\" zoom=\"15\" markers='[{\"address\":\"Rue du Progru00e8s 56, 1210 Saint-Josse-ten-Noode, Belgique\",\"lat\":50.8577002,\"lng\":4.3596653,\"zoom\":14,\"place_id\":\"ChIJjQe8roLDw0cRKyyETYParRg\",\"street_number\":\"56\",\"street_name\":\"Rue du Progru00e8s\",\"city\":\"Saint-Josse-ten-Noode\",\"state\":\"Bruxelles\",\"post_code\":\"1210\",\"country\":\"Belgique\",\"country_short\":\"BE\"}]' latitude=\"50.857725\" longitude=\"4.359656\" style=\"width: 100%; height: 500px;\">\r\n    <\/div>\r\n<\/div>\n\n\n\n<div class=\"wp-block-column is-layout-flow wp-block-column-is-layout-flow\">\n<p>Die B\u00fcros der US befinden sich in den R\u00e4umlichkeiten des F\u00f6deralen \u00d6ffentlichen Dienstes Mobilit\u00e4t und Transportwesen, Rue du Progr\u00e8s 56 (5. Stock) in Br\u00fcssel, in der N\u00e4he des Nordbahnhofs. <\/p>\n\n\n\n<p>Email : <a href=\"mailto:raui@mobilit.fgov.be\">raui@mobilit.fgov.be<\/a><\/p>\n\n\n\n<figure class=\"wp-block-image size-thumbnail is-resized\"><a href=\"https:\/\/www.linkedin.com\/company\/ooisoeaif\/about\/\" target=\"_blank\" rel=\"noreferrer noopener\"><img loading=\"lazy\" decoding=\"async\" width=\"150\" height=\"150\" src=\"https:\/\/www.rail-investigation.be\/wp-content\/uploads\/2024\/08\/LinkedIn_icon.svg-150x150.png\" alt=\"\" class=\"wp-image-5429\" style=\"width:42px;height:auto\" srcset=\"https:\/\/www.rail-investigation.be\/wp-content\/uploads\/2024\/08\/LinkedIn_icon.svg-150x150.png 150w, https:\/\/www.rail-investigation.be\/wp-content\/uploads\/2024\/08\/LinkedIn_icon.svg-300x300.png 300w, https:\/\/www.rail-investigation.be\/wp-content\/uploads\/2024\/08\/LinkedIn_icon.svg-1024x1024.png 1024w, https:\/\/www.rail-investigation.be\/wp-content\/uploads\/2024\/08\/LinkedIn_icon.svg-768x768.png 768w, https:\/\/www.rail-investigation.be\/wp-content\/uploads\/2024\/08\/LinkedIn_icon.svg.png 1200w\" sizes=\"auto, (max-width: 150px) 100vw, 150px\" \/><\/a><\/figure>\n<\/div>\n<\/div>\n","protected":false},"excerpt":{"rendered":"<p>Die B\u00fcros der US befinden sich in den R\u00e4umlichkeiten des F\u00f6deralen \u00d6ffentlichen Dienstes Mobilit\u00e4t und Transportwesen, Rue du Progr\u00e8s 56 (5. Stock) in Br\u00fcssel, in der N\u00e4he des Nordbahnhofs. Email : raui@mobilit.fgov.be<\/p>\n","protected":false},"author":1,"featured_media":0,"parent":0,"menu_order":0,"comment_status":"closed","ping_status":"closed","template":"","meta":{"_acf_changed":false,"footnotes":""},"class_list":["post-2063","page","type-page","status-publish","hentry"],"acf":[],"featured_image_urls_v2":{"full":"","thumbnail":"","medium":"","medium_large":"","large":"","1536x1536":"","2048x2048":""},"post_excerpt_stackable_v2":"<p>Die B\u00fcros der US befinden sich in den R\u00e4umlichkeiten des F\u00f6deralen \u00d6ffentlichen Dienstes Mobilit\u00e4t und Transportwesen, Rue du Progr\u00e8s 56 (5. Stock) in Br\u00fcssel, in der N\u00e4he des Nordbahnhofs. Email : raui@mobilit.fgov.be<\/p>\n","category_list_v2":"","author_info_v2":{"name":"ci","url":"https:\/\/www.rail-investigation.be\/de\/author\/ci\/"},"comments_num_v2":"0 comments","yoast_head":"<!-- This site is optimized with the Yoast SEO plugin v27.3 - https:\/\/yoast.com\/product\/yoast-seo-wordpress\/ -->\n<title>Kontakt - Organisme d&#039;Enqu\u00eate sur les Accidents et Incidents Ferroviaires<\/title>\n<meta name=\"robots\" content=\"index, follow, max-snippet:-1, max-image-preview:large, max-video-preview:-1\" \/>\n<link rel=\"canonical\" href=\"https:\/\/www.rail-investigation.be\/de\/kontakt\/\" \/>\n<meta property=\"og:locale\" content=\"de_DE\" \/>\n<meta property=\"og:type\" content=\"article\" \/>\n<meta property=\"og:title\" content=\"Kontakt - Organisme d&#039;Enqu\u00eate sur les Accidents et Incidents Ferroviaires\" \/>\n<meta property=\"og:description\" content=\"Die B\u00fcros der US befinden sich in den R\u00e4umlichkeiten des F\u00f6deralen \u00d6ffentlichen Dienstes Mobilit\u00e4t und Transportwesen, Rue du Progr\u00e8s 56 (5. Stock) in Br\u00fcssel, in der N\u00e4he des Nordbahnhofs. Email : raui@mobilit.fgov.be\" \/>\n<meta property=\"og:url\" content=\"https:\/\/www.rail-investigation.be\/de\/kontakt\/\" \/>\n<meta property=\"og:site_name\" content=\"Organisme d&#039;Enqu\u00eate sur les Accidents et Incidents Ferroviaires\" \/>\n<meta property=\"article:modified_time\" content=\"2024-08-20T09:11:33+00:00\" \/>\n<meta property=\"og:image\" content=\"https:\/\/www.rail-investigation.be\/wp-content\/uploads\/2024\/08\/LinkedIn_icon.svg-150x150.png\" \/>\n<meta name=\"twitter:card\" content=\"summary_large_image\" \/>\n<meta name=\"twitter:label1\" content=\"Gesch\u00e4tzte Lesezeit\" \/>\n\t<meta name=\"twitter:data1\" content=\"1\u00a0Minute\" \/>\n<script type=\"application\/ld+json\" class=\"yoast-schema-graph\">{\"@context\":\"https:\\\/\\\/schema.org\",\"@graph\":[{\"@type\":\"WebPage\",\"@id\":\"https:\\\/\\\/www.rail-investigation.be\\\/de\\\/kontakt\\\/\",\"url\":\"https:\\\/\\\/www.rail-investigation.be\\\/de\\\/kontakt\\\/\",\"name\":\"Kontakt - Organisme d&#039;Enqu\u00eate sur les Accidents et Incidents Ferroviaires\",\"isPartOf\":{\"@id\":\"https:\\\/\\\/www.rail-investigation.be\\\/#website\"},\"primaryImageOfPage\":{\"@id\":\"https:\\\/\\\/www.rail-investigation.be\\\/de\\\/kontakt\\\/#primaryimage\"},\"image\":{\"@id\":\"https:\\\/\\\/www.rail-investigation.be\\\/de\\\/kontakt\\\/#primaryimage\"},\"thumbnailUrl\":\"https:\\\/\\\/www.rail-investigation.be\\\/wp-content\\\/uploads\\\/2024\\\/08\\\/LinkedIn_icon.svg-150x150.png\",\"datePublished\":\"2020-02-07T10:27:14+00:00\",\"dateModified\":\"2024-08-20T09:11:33+00:00\",\"breadcrumb\":{\"@id\":\"https:\\\/\\\/www.rail-investigation.be\\\/de\\\/kontakt\\\/#breadcrumb\"},\"inLanguage\":\"de\",\"potentialAction\":[{\"@type\":\"ReadAction\",\"target\":[\"https:\\\/\\\/www.rail-investigation.be\\\/de\\\/kontakt\\\/\"]}]},{\"@type\":\"ImageObject\",\"inLanguage\":\"de\",\"@id\":\"https:\\\/\\\/www.rail-investigation.be\\\/de\\\/kontakt\\\/#primaryimage\",\"url\":\"https:\\\/\\\/www.rail-investigation.be\\\/wp-content\\\/uploads\\\/2024\\\/08\\\/LinkedIn_icon.svg-150x150.png\",\"contentUrl\":\"https:\\\/\\\/www.rail-investigation.be\\\/wp-content\\\/uploads\\\/2024\\\/08\\\/LinkedIn_icon.svg-150x150.png\"},{\"@type\":\"BreadcrumbList\",\"@id\":\"https:\\\/\\\/www.rail-investigation.be\\\/de\\\/kontakt\\\/#breadcrumb\",\"itemListElement\":[{\"@type\":\"ListItem\",\"position\":1,\"name\":\"Accueil\",\"item\":\"https:\\\/\\\/www.rail-investigation.be\\\/de\\\/\"},{\"@type\":\"ListItem\",\"position\":2,\"name\":\"Kontakt\"}]},{\"@type\":\"WebSite\",\"@id\":\"https:\\\/\\\/www.rail-investigation.be\\\/#website\",\"url\":\"https:\\\/\\\/www.rail-investigation.be\\\/\",\"name\":\"Organisme d&#039;Enqu\u00eate sur les Accidents et Incidents Ferroviaires\",\"description\":\"\",\"potentialAction\":[{\"@type\":\"SearchAction\",\"target\":{\"@type\":\"EntryPoint\",\"urlTemplate\":\"https:\\\/\\\/www.rail-investigation.be\\\/?s={search_term_string}\"},\"query-input\":{\"@type\":\"PropertyValueSpecification\",\"valueRequired\":true,\"valueName\":\"search_term_string\"}}],\"inLanguage\":\"de\"}]}<\/script>\n<!-- \/ Yoast SEO plugin. -->","yoast_head_json":{"title":"Kontakt - Organisme d&#039;Enqu\u00eate sur les Accidents et Incidents Ferroviaires","robots":{"index":"index","follow":"follow","max-snippet":"max-snippet:-1","max-image-preview":"max-image-preview:large","max-video-preview":"max-video-preview:-1"},"canonical":"https:\/\/www.rail-investigation.be\/de\/kontakt\/","og_locale":"de_DE","og_type":"article","og_title":"Kontakt - Organisme d&#039;Enqu\u00eate sur les Accidents et Incidents Ferroviaires","og_description":"Die B\u00fcros der US befinden sich in den R\u00e4umlichkeiten des F\u00f6deralen \u00d6ffentlichen Dienstes Mobilit\u00e4t und Transportwesen, Rue du Progr\u00e8s 56 (5. Stock) in Br\u00fcssel, in der N\u00e4he des Nordbahnhofs. Email : raui@mobilit.fgov.be","og_url":"https:\/\/www.rail-investigation.be\/de\/kontakt\/","og_site_name":"Organisme d&#039;Enqu\u00eate sur les Accidents et Incidents Ferroviaires","article_modified_time":"2024-08-20T09:11:33+00:00","og_image":[{"url":"https:\/\/www.rail-investigation.be\/wp-content\/uploads\/2024\/08\/LinkedIn_icon.svg-150x150.png","type":"","width":"","height":""}],"twitter_card":"summary_large_image","twitter_misc":{"Gesch\u00e4tzte Lesezeit":"1\u00a0Minute"},"schema":{"@context":"https:\/\/schema.org","@graph":[{"@type":"WebPage","@id":"https:\/\/www.rail-investigation.be\/de\/kontakt\/","url":"https:\/\/www.rail-investigation.be\/de\/kontakt\/","name":"Kontakt - Organisme d&#039;Enqu\u00eate sur les Accidents et Incidents Ferroviaires","isPartOf":{"@id":"https:\/\/www.rail-investigation.be\/#website"},"primaryImageOfPage":{"@id":"https:\/\/www.rail-investigation.be\/de\/kontakt\/#primaryimage"},"image":{"@id":"https:\/\/www.rail-investigation.be\/de\/kontakt\/#primaryimage"},"thumbnailUrl":"https:\/\/www.rail-investigation.be\/wp-content\/uploads\/2024\/08\/LinkedIn_icon.svg-150x150.png","datePublished":"2020-02-07T10:27:14+00:00","dateModified":"2024-08-20T09:11:33+00:00","breadcrumb":{"@id":"https:\/\/www.rail-investigation.be\/de\/kontakt\/#breadcrumb"},"inLanguage":"de","potentialAction":[{"@type":"ReadAction","target":["https:\/\/www.rail-investigation.be\/de\/kontakt\/"]}]},{"@type":"ImageObject","inLanguage":"de","@id":"https:\/\/www.rail-investigation.be\/de\/kontakt\/#primaryimage","url":"https:\/\/www.rail-investigation.be\/wp-content\/uploads\/2024\/08\/LinkedIn_icon.svg-150x150.png","contentUrl":"https:\/\/www.rail-investigation.be\/wp-content\/uploads\/2024\/08\/LinkedIn_icon.svg-150x150.png"},{"@type":"BreadcrumbList","@id":"https:\/\/www.rail-investigation.be\/de\/kontakt\/#breadcrumb","itemListElement":[{"@type":"ListItem","position":1,"name":"Accueil","item":"https:\/\/www.rail-investigation.be\/de\/"},{"@type":"ListItem","position":2,"name":"Kontakt"}]},{"@type":"WebSite","@id":"https:\/\/www.rail-investigation.be\/#website","url":"https:\/\/www.rail-investigation.be\/","name":"Organisme d&#039;Enqu\u00eate sur les Accidents et Incidents Ferroviaires","description":"","potentialAction":[{"@type":"SearchAction","target":{"@type":"EntryPoint","urlTemplate":"https:\/\/www.rail-investigation.be\/?s={search_term_string}"},"query-input":{"@type":"PropertyValueSpecification","valueRequired":true,"valueName":"search_term_string"}}],"inLanguage":"de"}]}},"_links":{"self":[{"href":"https:\/\/www.rail-investigation.be\/de\/wp-json\/wp\/v2\/pages\/2063","targetHints":{"allow":["GET"]}}],"collection":[{"href":"https:\/\/www.rail-investigation.be\/de\/wp-json\/wp\/v2\/pages"}],"about":[{"href":"https:\/\/www.rail-investigation.be\/de\/wp-json\/wp\/v2\/types\/page"}],"author":[{"embeddable":true,"href":"https:\/\/www.rail-investigation.be\/de\/wp-json\/wp\/v2\/users\/1"}],"replies":[{"embeddable":true,"href":"https:\/\/www.rail-investigation.be\/de\/wp-json\/wp\/v2\/comments?post=2063"}],"version-history":[{"count":4,"href":"https:\/\/www.rail-investigation.be\/de\/wp-json\/wp\/v2\/pages\/2063\/revisions"}],"predecessor-version":[{"id":5437,"href":"https:\/\/www.rail-investigation.be\/de\/wp-json\/wp\/v2\/pages\/2063\/revisions\/5437"}],"wp:attachment":[{"href":"https:\/\/www.rail-investigation.be\/de\/wp-json\/wp\/v2\/media?parent=2063"}],"curies":[{"name":"wp","href":"https:\/\/api.w.org\/{rel}","templated":true}]}}