
{"id":2044,"date":"2020-02-17T10:49:07","date_gmt":"2020-02-17T09:49:07","guid":{"rendered":"http:\/\/www.rail-investigation.be\/?page_id=2044"},"modified":"2020-03-30T11:02:39","modified_gmt":"2020-03-30T09:02:39","slug":"missions","status":"publish","type":"page","link":"https:\/\/www.rail-investigation.be\/de\/missions\/","title":{"rendered":"Aufgaben"},"content":{"rendered":"<h2 style=\"text-align: center\">Aufgaben<\/h2>\n<p style=\"text-align: center\"><span class=\"btn btn-primary btn-jaune\"><a href=\"#Unter\">Untersuchungen<\/a><\/span>\u00a0<a href=\"#db\"><span class=\"btn btn-primary btn-jaune\">Datenbank<\/span><\/a> <a href=\"#kommunikation\"><span class=\"btn btn-primary btn-jaune\">Kommunikation<\/span><\/a> <a href=\"#Meinungs\"><span class=\"btn btn-primary btn-jaune\">Europ\u00e4ische Konzertierung<\/span><\/a>\u00a0<a href=\"#museum\"><span class=\"btn btn-primary btn-jaune\">Museumsbahnlinien<\/span><\/a><\/p>\n<p>&nbsp;<\/p>\n<h3><span class=\"background-bleu\"><strong><span class=\"txt-bleu\"><a id=\"enquete\"><\/a><span class=\"txt-blanc\">Die Untersuchungen\u00a0<\/span><\/span><\/strong><\/span><\/h3>\n<p>Die Untersuchungsstelle f\u00fcr Eisenbahnunf\u00e4lle und -ereignisse (USEE) ist zust\u00e4ndig f\u00fcr die Untersuchungen bei den sogenannten schweren Betriebsunf\u00e4llen, die sich auf dem belgischen Eisenbahnnetz ereignen. Neben den sogenannten schweren Unf\u00e4llen ist die USEE dazu erm\u00e4chtigt, andere Unf\u00e4lle und St\u00f6rungen mit Folgen f\u00fcr die Sicherheit des Eisenbahnverkehrs zu untersuchen. Der Zweck der Sicherheits\u00fcberpr\u00fcfungen ist es, die Umst\u00e4nde und die Ursachen eines Unfalls zu kl\u00e4ren, und nicht die Verantwortlichkeiten zu bestimmen. Die Eisenbahnindustrie informiert uns jedes Jahr \u00fcber zahlreiche Unf\u00e4lle, St\u00f6rungen und Beinaheunf\u00e4lle. Wir untersuchen nicht alle Unf\u00e4lle und St\u00f6rungen, sondern wenden verschiedene Kriterien an, die uns dabei helfen zu entscheiden, welche dieser F\u00e4lle untersucht werden m\u00fcssen. Gesetzlich sind wir dazu verpflichtet, bestimmte Unf\u00e4lle zu untersuchen, insbesondere Zugkollisionen und Zugentgleisungen mit mindestens einem Todesopfer oder mindestens f\u00fcnf Schwerverletzten, oder Unf\u00e4lle mit Besch\u00e4digungen, deren H\u00f6he auf insgesamt mindestens 2 Millionen Euro veranschlagt werden kann. Das Gesetz l\u00e4sst uns die Entscheidungsfreiheit bei weniger schweren Unf\u00e4llen.<\/p>\n<p>Gelegentlich werden wir \u00fcber Ereignisse informiert, bei denen ernste Folgen nur knapp vermieden wurden. Hier pr\u00fcfen wir sorgf\u00e4ltig, ob diese St\u00f6rungen, die unter leicht ver\u00e4nderten Bedingungen zu schweren Unf\u00e4llen h\u00e4tten f\u00fchren k\u00f6nnen, untersucht werden m\u00fcssen. Die Ereignisse werden nach den durch das Eisenbahnunternehmen und den Infrastrukturbetreiber gelieferten Elementen in drei Schweregrade eingeteilt, n\u00e4mlich in \u201eSchwer\u201c, \u201eSignifikant\u201c und \u201eSonstige\u201c.<\/p>\n<p style=\"text-align: justify\">Die Entscheidung, eine Untersuchung durchzuf\u00fchren, wird autonom von der USEE auf Grundlage dieser Informationen getroffen und gegebenenfalls durch eine Voruntersuchung erg\u00e4nzt.<\/p>\n<p>&nbsp;<\/p>\n<p>&nbsp;<\/p>\n<p>&nbsp;<\/p>\n<h3><strong><span class=\"txt-bleu\"><a id=\"db\"><\/a><span class=\"background-bleu txt-blanc\">Datenbank<\/span><\/span><\/strong><\/h3>\n<p>Alle durch den Infrastrukturbetreiber und die Eisenbahnunternehmen gemeldeten Unf\u00e4lle und St\u00f6rungen werden t\u00e4glich in die Datenbank der USEE eingegeben. Diese Datenbank verzeichnet die Ereignisse entsprechend den von den Eisenbahnunternehmen und dem Infrastrukturbetreiber gelieferten Elementen.<\/p>\n<p>Die Datenbank erm\u00f6glicht es \u00fcber in den europ\u00e4ischen Richtlinien vorgesehenen gemeinsame Sicherheitsindikatoren zu verf\u00fcgen.<\/p>\n<p style=\"text-align: justify\">Die gemeinsamen Sicherheitsindikatoren werden auf nationaler Ebene im Jahresbericht der Sicherheitsbeh\u00f6rde ver\u00f6ffentlicht.<\/p>\n<p>&nbsp;<\/p>\n<p>&nbsp;<\/p>\n<p>&nbsp;<\/p>\n<h3><strong><span class=\"txt-bleu\"><a id=\"communication\"><\/a><span class=\"background-bleu txt-blanc\">Kommunikation<\/span><\/span><\/strong><\/h3>\n<p>F\u00fcr die Kontakte mit der Presse sind die Pressesprecher des F\u00f6deralen\u00a0\u00d6ffentlichen Dienstes Mobilit\u00e4t und Transportwesen zust\u00e4ndig, gem\u00e4\u00df dem zwischen dem F\u00d6D Mobilit\u00e4t und Transportwesen und der Untersuchungsstelle abgeschlossenen Vereinbarungsprotokoll.<\/p>\n<p>Die Untersuchungsberichte werden ver\u00f6ffentlicht und bezwecken die Informierung der betreffenden Parteien, der Industrie, der Regulierungsstellen aber auch der Bev\u00f6lkerung im Allgemeinen. Aus diesem Grund ver\u00f6ffentlicht die USEE einerseits den Bericht in zwei Sprachen (auf Franz\u00f6sisch und Niederl\u00e4ndisch) und anderseits eine Zusammenfassung in vier Sprachen (auf Franz\u00f6sisch, Niederl\u00e4ndisch, Deutsch und Englisch), um \u00fcber die Hauptelemente einer Untersuchung zu informieren. Der Bericht seinerseits detailliert die Elemente, aus denen die die Schlussfolgerungen gezogen werden konnten.<\/p>\n<p>Wenn die USEE die Einleitung einer Untersuchung beschlie\u00dft, wird die Internetseite entsprechend aktualisiert.<\/p>\n<p>&nbsp;<\/p>\n<p>&nbsp;<\/p>\n<p>&nbsp;<\/p>\n<h3><span class=\"background-bleu txt-blanc\"><a id=\"concertation\"><\/a><strong>Europ\u00e4ische Konzertierung<\/strong><\/span><\/h3>\n<p>Die Untersuchungsstelle nimmt an den Aktivit\u00e4ten des Netzes der nationalen Untersuchungsstellen (NIB) teil, die unter der Aufsicht der Europ\u00e4ischen Eisenbahnagentur (ERA) stattfinden, um die Erfahrungen anderer Untersuchungsstellen zu nutzen und um zur Harmonisierung der Gesetzgebung und Untersuchungsverfahren in Europa beizutragen.<\/p>\n<p>&nbsp;<\/p>\n<p>&nbsp;<\/p>\n<p>&nbsp;<\/p>\n<h3><span class=\"background-bleu txt-blanc\"><a id=\"musee\"><\/a><strong>Untersuchungen von Unf\u00e4llen auf einer Museumsbahnlinie\u00a0<\/strong><\/span><\/h3>\n<p>Das Gesetz vom 26. M\u00e4rz 2014 regelt alle Vorschriften \u00fcber die Sicherheit des Eisenbahnbetriebs von Museumsbahnlinien.<\/p>\n<p>Die Hauptfunktion einer Museumsbahnlinie ist der touristische Betrieb einer Eisenbahnlinie mit historischem Material, wie z.B. Dampflokomotiven. Hierbei handelt es sich um alte, au\u00dfer Betrieb gesetzte und nicht abgebaute Eisenbahnlinien, die in den meisten F\u00e4llen von Vereinigungen f\u00fcr touristischen Eisenbahnverkehr betrieben werden. F\u00fcr den Betrieb einer Museumsbahnlinie, muss der Betreiber \u00fcber eine Genehmigung verf\u00fcgen, die durch den Dienst f\u00fcr Sicherheit und Interoperabilit\u00e4t der Eisenbahnen (DSIE), ausgestellt wird.<\/p>\n<p>Dieses Gesetz legt fest, dass der Betreiber einer Museumsbahnlinie die US unverz\u00fcglich \u00fcber das Eintreten eines schweren Unfalls informieren muss, in der von der US festgelegten Weise. Es sieht ebenfalls vor, dass die US eine Untersuchung nach jedem schweren Unfall auf einer Museumsbahnlinie durchf\u00fchren muss.<\/p>\n<p>&nbsp;<\/p>\n","protected":false},"excerpt":{"rendered":"<p>Aufgaben Untersuchungen\u00a0Datenbank Kommunikation Europ\u00e4ische Konzertierung\u00a0Museumsbahnlinien &nbsp; Die Untersuchungen\u00a0 Die Untersuchungsstelle f\u00fcr Eisenbahnunf\u00e4lle und -ereignisse (USEE) ist zust\u00e4ndig f\u00fcr die Untersuchungen bei den sogenannten schweren Betriebsunf\u00e4llen, die sich auf dem belgischen Eisenbahnnetz ereignen. Neben den sogenannten schweren Unf\u00e4llen ist die USEE dazu erm\u00e4chtigt, andere Unf\u00e4lle und St\u00f6rungen mit Folgen f\u00fcr die Sicherheit des Eisenbahnverkehrs zu untersuchen.<\/p>\n","protected":false},"author":1,"featured_media":1364,"parent":0,"menu_order":0,"comment_status":"closed","ping_status":"closed","template":"","meta":{"_acf_changed":false,"footnotes":""},"class_list":["post-2044","page","type-page","status-publish","has-post-thumbnail","hentry"],"acf":[],"featured_image_urls_v2":{"full":["https:\/\/www.rail-investigation.be\/wp-content\/uploads\/2020\/02\/bandeau_page_2.jpg",1800,450,false],"thumbnail":["https:\/\/www.rail-investigation.be\/wp-content\/uploads\/2020\/02\/bandeau_page_2-150x150.jpg",150,150,true],"medium":["https:\/\/www.rail-investigation.be\/wp-content\/uploads\/2020\/02\/bandeau_page_2-300x75.jpg",300,75,true],"medium_large":["https:\/\/www.rail-investigation.be\/wp-content\/uploads\/2020\/02\/bandeau_page_2-768x192.jpg",640,160,true],"large":["https:\/\/www.rail-investigation.be\/wp-content\/uploads\/2020\/02\/bandeau_page_2-1024x256.jpg",640,160,true],"1536x1536":["https:\/\/www.rail-investigation.be\/wp-content\/uploads\/2020\/02\/bandeau_page_2-1536x384.jpg",1536,384,true],"2048x2048":["https:\/\/www.rail-investigation.be\/wp-content\/uploads\/2020\/02\/bandeau_page_2.jpg",1800,450,false]},"post_excerpt_stackable_v2":"<p>Aufgaben Untersuchungen\u00a0Datenbank Kommunikation Europ\u00e4ische Konzertierung\u00a0Museumsbahnlinien &nbsp; Die Untersuchungen\u00a0 Die Untersuchungsstelle f\u00fcr Eisenbahnunf\u00e4lle und -ereignisse (USEE) ist zust\u00e4ndig f\u00fcr die Untersuchungen bei den sogenannten schweren Betriebsunf\u00e4llen, die sich auf dem belgischen Eisenbahnnetz ereignen. Neben den sogenannten schweren Unf\u00e4llen ist die USEE dazu erm\u00e4chtigt, andere Unf\u00e4lle und St\u00f6rungen mit Folgen f\u00fcr die Sicherheit des Eisenbahnverkehrs zu untersuchen. Der Zweck der Sicherheits\u00fcberpr\u00fcfungen ist es, die Umst\u00e4nde und die Ursachen eines Unfalls zu kl\u00e4ren, und nicht die Verantwortlichkeiten zu bestimmen. Die Eisenbahnindustrie informiert uns jedes Jahr \u00fcber zahlreiche Unf\u00e4lle, St\u00f6rungen und Beinaheunf\u00e4lle. Wir untersuchen nicht alle Unf\u00e4lle und St\u00f6rungen, sondern wenden verschiedene Kriterien an,&hellip;<\/p>\n","category_list_v2":"","author_info_v2":{"name":"ci","url":"https:\/\/www.rail-investigation.be\/de\/author\/ci\/"},"comments_num_v2":"0 comments","yoast_head":"<!-- This site is optimized with the Yoast SEO plugin v27.4 - https:\/\/yoast.com\/product\/yoast-seo-wordpress\/ -->\n<title>Aufgaben - Organisme d&#039;Enqu\u00eate sur les Accidents et Incidents Ferroviaires<\/title>\n<meta name=\"robots\" content=\"index, follow, max-snippet:-1, max-image-preview:large, max-video-preview:-1\" \/>\n<link rel=\"canonical\" href=\"https:\/\/www.rail-investigation.be\/de\/missions\/\" \/>\n<meta property=\"og:locale\" content=\"de_DE\" \/>\n<meta property=\"og:type\" content=\"article\" \/>\n<meta property=\"og:title\" content=\"Aufgaben - Organisme d&#039;Enqu\u00eate sur les Accidents et Incidents Ferroviaires\" \/>\n<meta property=\"og:description\" content=\"Aufgaben Untersuchungen\u00a0Datenbank Kommunikation Europ\u00e4ische Konzertierung\u00a0Museumsbahnlinien &nbsp; Die Untersuchungen\u00a0 Die Untersuchungsstelle f\u00fcr Eisenbahnunf\u00e4lle und -ereignisse (USEE) ist zust\u00e4ndig f\u00fcr die Untersuchungen bei den sogenannten schweren Betriebsunf\u00e4llen, die sich auf dem belgischen Eisenbahnnetz ereignen. Neben den sogenannten schweren Unf\u00e4llen ist die USEE dazu erm\u00e4chtigt, andere Unf\u00e4lle und St\u00f6rungen mit Folgen f\u00fcr die Sicherheit des Eisenbahnverkehrs zu untersuchen.\" \/>\n<meta property=\"og:url\" content=\"https:\/\/www.rail-investigation.be\/de\/missions\/\" \/>\n<meta property=\"og:site_name\" content=\"Organisme d&#039;Enqu\u00eate sur les Accidents et Incidents Ferroviaires\" \/>\n<meta property=\"article:modified_time\" content=\"2020-03-30T09:02:39+00:00\" \/>\n<meta property=\"og:image\" content=\"https:\/\/www.rail-investigation.be\/wp-content\/uploads\/2020\/02\/bandeau_page_2.jpg\" \/>\n\t<meta property=\"og:image:width\" content=\"1800\" \/>\n\t<meta property=\"og:image:height\" content=\"450\" \/>\n\t<meta property=\"og:image:type\" content=\"image\/jpeg\" \/>\n<meta name=\"twitter:card\" content=\"summary_large_image\" \/>\n<meta name=\"twitter:label1\" content=\"Gesch\u00e4tzte Lesezeit\" \/>\n\t<meta name=\"twitter:data1\" content=\"3\u00a0Minuten\" \/>\n<script type=\"application\/ld+json\" class=\"yoast-schema-graph\">{\"@context\":\"https:\\\/\\\/schema.org\",\"@graph\":[{\"@type\":\"WebPage\",\"@id\":\"https:\\\/\\\/www.rail-investigation.be\\\/de\\\/missions\\\/\",\"url\":\"https:\\\/\\\/www.rail-investigation.be\\\/de\\\/missions\\\/\",\"name\":\"Aufgaben - Organisme d&#039;Enqu\u00eate sur les Accidents et Incidents Ferroviaires\",\"isPartOf\":{\"@id\":\"https:\\\/\\\/www.rail-investigation.be\\\/#website\"},\"primaryImageOfPage\":{\"@id\":\"https:\\\/\\\/www.rail-investigation.be\\\/de\\\/missions\\\/#primaryimage\"},\"image\":{\"@id\":\"https:\\\/\\\/www.rail-investigation.be\\\/de\\\/missions\\\/#primaryimage\"},\"thumbnailUrl\":\"https:\\\/\\\/www.rail-investigation.be\\\/wp-content\\\/uploads\\\/2020\\\/02\\\/bandeau_page_2.jpg\",\"datePublished\":\"2020-02-17T09:49:07+00:00\",\"dateModified\":\"2020-03-30T09:02:39+00:00\",\"breadcrumb\":{\"@id\":\"https:\\\/\\\/www.rail-investigation.be\\\/de\\\/missions\\\/#breadcrumb\"},\"inLanguage\":\"de\",\"potentialAction\":[{\"@type\":\"ReadAction\",\"target\":[\"https:\\\/\\\/www.rail-investigation.be\\\/de\\\/missions\\\/\"]}]},{\"@type\":\"ImageObject\",\"inLanguage\":\"de\",\"@id\":\"https:\\\/\\\/www.rail-investigation.be\\\/de\\\/missions\\\/#primaryimage\",\"url\":\"https:\\\/\\\/www.rail-investigation.be\\\/wp-content\\\/uploads\\\/2020\\\/02\\\/bandeau_page_2.jpg\",\"contentUrl\":\"https:\\\/\\\/www.rail-investigation.be\\\/wp-content\\\/uploads\\\/2020\\\/02\\\/bandeau_page_2.jpg\",\"width\":1800,\"height\":450},{\"@type\":\"BreadcrumbList\",\"@id\":\"https:\\\/\\\/www.rail-investigation.be\\\/de\\\/missions\\\/#breadcrumb\",\"itemListElement\":[{\"@type\":\"ListItem\",\"position\":1,\"name\":\"Accueil\",\"item\":\"https:\\\/\\\/www.rail-investigation.be\\\/de\\\/\"},{\"@type\":\"ListItem\",\"position\":2,\"name\":\"Aufgaben\"}]},{\"@type\":\"WebSite\",\"@id\":\"https:\\\/\\\/www.rail-investigation.be\\\/#website\",\"url\":\"https:\\\/\\\/www.rail-investigation.be\\\/\",\"name\":\"Organisme d&#039;Enqu\u00eate sur les Accidents et Incidents Ferroviaires\",\"description\":\"\",\"potentialAction\":[{\"@type\":\"SearchAction\",\"target\":{\"@type\":\"EntryPoint\",\"urlTemplate\":\"https:\\\/\\\/www.rail-investigation.be\\\/?s={search_term_string}\"},\"query-input\":{\"@type\":\"PropertyValueSpecification\",\"valueRequired\":true,\"valueName\":\"search_term_string\"}}],\"inLanguage\":\"de\"}]}<\/script>\n<!-- \/ Yoast SEO plugin. -->","yoast_head_json":{"title":"Aufgaben - Organisme d&#039;Enqu\u00eate sur les Accidents et Incidents Ferroviaires","robots":{"index":"index","follow":"follow","max-snippet":"max-snippet:-1","max-image-preview":"max-image-preview:large","max-video-preview":"max-video-preview:-1"},"canonical":"https:\/\/www.rail-investigation.be\/de\/missions\/","og_locale":"de_DE","og_type":"article","og_title":"Aufgaben - Organisme d&#039;Enqu\u00eate sur les Accidents et Incidents Ferroviaires","og_description":"Aufgaben Untersuchungen\u00a0Datenbank Kommunikation Europ\u00e4ische Konzertierung\u00a0Museumsbahnlinien &nbsp; Die Untersuchungen\u00a0 Die Untersuchungsstelle f\u00fcr Eisenbahnunf\u00e4lle und -ereignisse (USEE) ist zust\u00e4ndig f\u00fcr die Untersuchungen bei den sogenannten schweren Betriebsunf\u00e4llen, die sich auf dem belgischen Eisenbahnnetz ereignen. Neben den sogenannten schweren Unf\u00e4llen ist die USEE dazu erm\u00e4chtigt, andere Unf\u00e4lle und St\u00f6rungen mit Folgen f\u00fcr die Sicherheit des Eisenbahnverkehrs zu untersuchen.","og_url":"https:\/\/www.rail-investigation.be\/de\/missions\/","og_site_name":"Organisme d&#039;Enqu\u00eate sur les Accidents et Incidents Ferroviaires","article_modified_time":"2020-03-30T09:02:39+00:00","og_image":[{"width":1800,"height":450,"url":"https:\/\/www.rail-investigation.be\/wp-content\/uploads\/2020\/02\/bandeau_page_2.jpg","type":"image\/jpeg"}],"twitter_card":"summary_large_image","twitter_misc":{"Gesch\u00e4tzte Lesezeit":"3\u00a0Minuten"},"schema":{"@context":"https:\/\/schema.org","@graph":[{"@type":"WebPage","@id":"https:\/\/www.rail-investigation.be\/de\/missions\/","url":"https:\/\/www.rail-investigation.be\/de\/missions\/","name":"Aufgaben - Organisme d&#039;Enqu\u00eate sur les Accidents et Incidents Ferroviaires","isPartOf":{"@id":"https:\/\/www.rail-investigation.be\/#website"},"primaryImageOfPage":{"@id":"https:\/\/www.rail-investigation.be\/de\/missions\/#primaryimage"},"image":{"@id":"https:\/\/www.rail-investigation.be\/de\/missions\/#primaryimage"},"thumbnailUrl":"https:\/\/www.rail-investigation.be\/wp-content\/uploads\/2020\/02\/bandeau_page_2.jpg","datePublished":"2020-02-17T09:49:07+00:00","dateModified":"2020-03-30T09:02:39+00:00","breadcrumb":{"@id":"https:\/\/www.rail-investigation.be\/de\/missions\/#breadcrumb"},"inLanguage":"de","potentialAction":[{"@type":"ReadAction","target":["https:\/\/www.rail-investigation.be\/de\/missions\/"]}]},{"@type":"ImageObject","inLanguage":"de","@id":"https:\/\/www.rail-investigation.be\/de\/missions\/#primaryimage","url":"https:\/\/www.rail-investigation.be\/wp-content\/uploads\/2020\/02\/bandeau_page_2.jpg","contentUrl":"https:\/\/www.rail-investigation.be\/wp-content\/uploads\/2020\/02\/bandeau_page_2.jpg","width":1800,"height":450},{"@type":"BreadcrumbList","@id":"https:\/\/www.rail-investigation.be\/de\/missions\/#breadcrumb","itemListElement":[{"@type":"ListItem","position":1,"name":"Accueil","item":"https:\/\/www.rail-investigation.be\/de\/"},{"@type":"ListItem","position":2,"name":"Aufgaben"}]},{"@type":"WebSite","@id":"https:\/\/www.rail-investigation.be\/#website","url":"https:\/\/www.rail-investigation.be\/","name":"Organisme d&#039;Enqu\u00eate sur les Accidents et Incidents Ferroviaires","description":"","potentialAction":[{"@type":"SearchAction","target":{"@type":"EntryPoint","urlTemplate":"https:\/\/www.rail-investigation.be\/?s={search_term_string}"},"query-input":{"@type":"PropertyValueSpecification","valueRequired":true,"valueName":"search_term_string"}}],"inLanguage":"de"}]}},"_links":{"self":[{"href":"https:\/\/www.rail-investigation.be\/de\/wp-json\/wp\/v2\/pages\/2044","targetHints":{"allow":["GET"]}}],"collection":[{"href":"https:\/\/www.rail-investigation.be\/de\/wp-json\/wp\/v2\/pages"}],"about":[{"href":"https:\/\/www.rail-investigation.be\/de\/wp-json\/wp\/v2\/types\/page"}],"author":[{"embeddable":true,"href":"https:\/\/www.rail-investigation.be\/de\/wp-json\/wp\/v2\/users\/1"}],"replies":[{"embeddable":true,"href":"https:\/\/www.rail-investigation.be\/de\/wp-json\/wp\/v2\/comments?post=2044"}],"version-history":[{"count":20,"href":"https:\/\/www.rail-investigation.be\/de\/wp-json\/wp\/v2\/pages\/2044\/revisions"}],"predecessor-version":[{"id":2909,"href":"https:\/\/www.rail-investigation.be\/de\/wp-json\/wp\/v2\/pages\/2044\/revisions\/2909"}],"wp:featuredmedia":[{"embeddable":true,"href":"https:\/\/www.rail-investigation.be\/de\/wp-json\/wp\/v2\/media\/1364"}],"wp:attachment":[{"href":"https:\/\/www.rail-investigation.be\/de\/wp-json\/wp\/v2\/media?parent=2044"}],"curies":[{"name":"wp","href":"https:\/\/api.w.org\/{rel}","templated":true}]}}