
{"id":2037,"date":"2020-02-17T10:48:36","date_gmt":"2020-02-17T09:48:36","guid":{"rendered":"http:\/\/www.rail-investigation.be\/?page_id=2037"},"modified":"2021-12-08T15:35:47","modified_gmt":"2021-12-08T14:35:47","slug":"organisme","status":"publish","type":"page","link":"https:\/\/www.rail-investigation.be\/de\/organisme\/","title":{"rendered":"Die Untersuchungsstelle"},"content":{"rendered":"<p style=\"text-align: center\"><a href=\"#organisme\"><span class=\"btn btn-primary btn-jaune\">Untersuchungsstelle<\/span><\/a>\u00a0<a href=\"#loi\"><span class=\"btn btn-primary btn-jaune\">Rechtsgrundlage<\/span><\/a> <a href=\"#budget\"><span class=\"btn btn-primary btn-jaune\">Budget<\/span><\/a><\/p>\n\n\n<h2 class=\"wp-block-heading\">Die Untersuchungsstelle<\/h2>\n\n\n\n<p>Bei der Untersuchungsstelle handelt es sich um eine Stelle, die geschaffen wurde, um Sicherheits\u00fcberpr\u00fcfungen bei Eisenbahnunf\u00e4llen oder -st\u00f6rungen durchzuf\u00fchren. Die Untersuchungsstelle f\u00fcr Eisenbahnunf\u00e4lle und -ereigniss (USEE) ist funktional unabh\u00e4ngig von der Sicherheitsbeh\u00f6rde, den Regulierungsstellen im Eisenbahnsektor und allen Instanzen, deren Interessen mit der Untersuchungsaufgabe kollidieren k\u00f6nnten.<\/p>\n\n\n\n<p>Die Entscheidung, eine Untersuchung durchzuf\u00fchren, wird eigenst\u00e4ndig und auf Grundlage verschiedener Kriterien getroffen, insbesondere aufgrund der Umst\u00e4nde oder weil sie eine M\u00f6glichkeit zur Verbesserung der Sicherheit darstellt.<\/p>\n\n\n\n<p>Die Untersuchungen werden durch die Untersuchungsbeauftragten der USEE durchgef\u00fchrt, mit der Unterst\u00fctzung externer Experten, je nach den erforderlichen Kompetenzen. Die Untersuchungen sind so offen wie m\u00f6glich und aus diesem Grund werden die von Sicherheitsfragen betreffenden Akteure von Beginn der Untersuchung an informiert, um Sofortma\u00dfnahmen ergreifen zu k\u00f6nnen oder gegebenenfalls Ma\u00dfnahmen zu planen.<\/p>\n\n\n\n<p>Die USEE ist hierarchisch unabh\u00e4ngig vom Minister der Mobilit\u00e4t, vom F\u00d6D Mobilit\u00e4t und Transportwesen, von der Sicherheitsbeh\u00f6rde usw.<\/p>\n\n\n\n<p>&nbsp;<\/p>\n\n\n\n\n\n<h2 class=\"wp-block-heading\">Rechtsgrundlage<\/h2>\n\n\n\n<p>Die Einrichtung einer unabh\u00e4ngigen Stelle f\u00fcr die Untersuchung von Eisenbahnunf\u00e4llen und -st\u00f6rungen zur Verbesserung der Sicherheit ist in der Europ\u00e4ischen Richtlinie 2004\/49 vorgesehen. Diese Richtlinie wurde durch ein Gesetz und zwei Ausf\u00fchrungserlasse in belgisches Recht umgesetzt.<\/p>\n\n\n\n<h4 class=\"has-bleu-color has-text-color wp-block-heading\"><span class=\"background-bleu txt-blanc\" style=\"font-size: 18pt\">Gesetz vom 30. August 2013 zur Einf\u00fchrung des Eisenbahngesetzbuches<\/span><\/h4>\n\n\n\n<p>Das Kapitel 6 des <a href=\"https:\/\/www.ejustice.just.fgov.be\/cgi\/article_body.pl?language=fr&amp;caller=summary&amp;pub_date=16-09-26&amp;numac=2016000488\" target=\"_blank\" rel=\"noreferrer noopener\">Gesetzes zur Einf\u00fchrung des Eisenbahngesetzbuches<\/a> (dieser Link f\u00fchrt nicht zur neuesten Version des Gesetzes, sondern zu einer inoffiziellen deutschsprachigen Koordinierung des Gesetzes) besteht aus:&nbsp;<\/p>\n\n\n\n<ul class=\"wp-block-list\"><li>Benennung einer Untersuchungsstelle (Abschnitt 1. &#8211; Art. 110);<\/li><li>Aufgaben (Abschnitt 2. &#8211; Art. 111-112);<\/li><li>Befugnisse (Abschnitt 3. &#8211; Art. 113-114);<\/li><li>Untersuchung (Abschnitt 4. &#8211; Art. 115-119);<\/li><li>Schlussfolgerungen und Berichte (Abschnitt 5. &#8211; Art. 120-122);<\/li><li>Europ\u00e4ische Konzertierung (Abschnitt 6. &#8211; Art. 123-124).&nbsp;<\/li><\/ul>\n\n\n\n<p>Das Eisenbahngesetzbuch setzt teilweise um:<\/p>\n\n\n\n<ul class=\"wp-block-list\"><li>die <a href=\"https:\/\/eur-lex.europa.eu\/legal-content\/DE\/TXT\/HTML\/?uri=CELEX:32007L0059&amp;from=NL\" target=\"_blank\" rel=\"noreferrer noopener\">Richtlinie 2007\/59\/EG<\/a> des Europ\u00e4ischen Parlaments und des Rates vom 23. Oktober 2007 \u00fcber die Zertifizierung von Triebfahrzeugf\u00fchrern, die Lokomotiven und Z\u00fcge im Eisenbahnsystem in der Gemeinschaft f\u00fchren, in der ge\u00e4nderten Fassung der Richtlinie (EU) 2016\/882 der Kommission vom 1. Juni 2016 zur \u00c4nderung der Richtlinie 2007\/59\/EG des Europ\u00e4ischen Parlaments und des Rates in Bezug auf sprachliche Anforderungen;<\/li><li>die <a href=\"https:\/\/eur-lex.europa.eu\/legal-content\/DE\/TXT\/HTML\/?uri=CELEX:32012L0034&amp;from=NL\" target=\"_blank\" rel=\"noreferrer noopener\">Richtlinie 2012\/34\/EU<\/a> des Europ\u00e4ischen Parlaments und des Rates vom 21. November 2012 zur Schaffung eines einheitlichen europ\u00e4ischen Eisenbahnraums;<\/li><li>die <a href=\"https:\/\/eur-lex.europa.eu\/legal-content\/DE\/TXT\/HTML\/?uri=CELEX:32016L0797&amp;from=nl\" target=\"_blank\" rel=\"noreferrer noopener\">Richtlinie (EU) 2016\/797<\/a> des Europ\u00e4ischen Parlaments und des Rates vom 11. Mai 2016 \u00fcber die Interoperabilit\u00e4t des Eisenbahnsystems in der Europ\u00e4ischen Union;<\/li><li>die <a href=\"https:\/\/eur-lex.europa.eu\/legal-content\/DE\/TXT\/HTML\/?uri=CELEX:32016L0798&amp;from=NL\" target=\"_blank\" rel=\"noreferrer noopener\">Richtlinie (EU) 2016\/798<\/a> des Europ\u00e4ischen Parlaments und des Rates vom 11. Mai 2016 \u00fcber Eisenbahnsicherheit.<\/li><\/ul>\n\n\n\n<p>Das Eisenbahngesetzbuch ist nicht anwendbar auf:<\/p>\n\n\n\n<ul class=\"wp-block-list\"><li>private Eisenbahninfrastrukturen und auf Fahrzeuge, die nur auf diesen Infrastrukturen benutzt werden und ausschlie\u00dflich zur Nutzung durch ihre Eigent\u00fcmer f\u00fcr den eigenen G\u00fcterverkehr bestimmt sind;<\/li><li>Schienennetze, die vom \u00fcbrigen Eisenbahnsystem funktional getrennt sind und die nur f\u00fcr die Personenbef\u00f6rderung und den G\u00fctertransport im \u00f6rtlichen Verkehr, Stadt- oder Vorortverkehr genutzt werden;<\/li><li>Nostalgie-, Museums- und Touristikbahnen, die auf ihren eigenen Schienennetzen verkehren, die ausschlie\u00dflich f\u00fcr die vorhin erw\u00e4hnten Netze und Strecken benutzten Werkst\u00e4tten und Fahrzeuge beziehungsweise das dort eingesetzte Personal einbegriffen;<\/li><li>U-Bahnen, Stra\u00dfenbahnen und andere Systeme des st\u00e4dtischen und regionalen Eisenbahnverkehrs \u00fcber Light-Rail-Systeme oder alle anderen schienengebundenen Betriebsmodi, insofern Letztere nicht auf dem belgischen Schienennetz verkehren, mit Ausnahme der Artikel 74 Nr. 12 und 82.<\/li><\/ul>\n\n\n\n<div class=\"wp-block-spacer\" style=\"height: 60px\" aria-hidden=\"true\">\u00a0<\/div>\n\n\n\n<h4 class=\"wp-block-heading\"><span class=\"background-bleu txt-blanc\" style=\"font-size: 18pt\">K\u00f6niglicher Erlass vom 16. Januar 2007<\/span><\/h4>\n\n\n\n<p>Dieser <a href=\"http:\/\/www.ejustice.just.fgov.be\/cgi_loi\/change_lg.pl?language=fr&amp;la=F&amp;cn=2007011637&amp;table_name=loi\" target=\"_blank\" rel=\"noreferrer noopener\">K\u00f6nigliche Erlass<\/a> setzt teilweise die Richtlinie 2004\/49\/EG des Europ\u00e4ischen Parlaments und des Rates vom 29. April 2004 \u00fcber Eisenbahnsicherheit in der Gemeinschaft und zur \u00c4nderung der Richtlinie 95\/18\/EG des Rates \u00fcber die Erteilung von Genehmigungen an Eisenbahnunternehmen und der Richtlinie 2001\/14\/EG \u00fcber die Zuweisung von Fahrwegkapazit\u00e4t der Eisenbahn, die Erhebung von Entgelten f\u00fcr die Nutzung von Eisenbahninfrastruktur und die Sicherheitsbescheinigung um.<\/p>\n\n\n\n<p>Er legt in seinem Kapitel III die Autonomie fest, \u00fcber die die US verf\u00fcgt, um eine Untersuchung einzuleiten, sich vor Ort zu begeben und das Ausma\u00df einer Untersuchung festzulegen.<\/p>\n\n\n\n<p>Er weist darauf hin, dass die Mitglieder der US \u00fcber eine Legitimationskarte verf\u00fcgen und dass der Inhaber dieser Karte \u00fcber die in Artikel 113 des Eisenbahngesetzbuches aufgez\u00e4hlten Befugnisse verf\u00fcgt.<\/p>\n\n\n\n<div class=\"wp-block-spacer\" style=\"height: 60px\" aria-hidden=\"true\">\u00a0<\/div>\n\n\n\n<h4 class=\"wp-block-heading\"><span class=\"background-bleu txt-blanc\" style=\"font-size: 18pt\">K\u00f6niglicher Erlass vom 22. Juni 2011<\/span><\/h4>\n\n\n\n<p>Der <a href=\"http:\/\/www.ejustice.just.fgov.be\/cgi_loi\/change_lg.pl?language=fr&amp;la=F&amp;cn=2011062205&amp;table_name=loi\" target=\"_blank\" rel=\"noreferrer noopener\">K\u00f6nigliche Erlass vom 22. Juni 2011<\/a> zur Bestimmung der Untersuchungsstelle (US) f\u00fcr Eisenbahnunf\u00e4lle und -ereignisse.<\/p>\n\n\n\n<p>Dieser Erlass setzt teilweise die Richtlinie 2004\/49\/EG des Europ\u00e4ischen Parlaments und des Rates vom 29. April 2004 \u00fcber Eisenbahnsicherheit in der Gemeinschaft und zur \u00c4nderung der Richtlinie 95\/18\/EG des Rates \u00fcber die Erteilung von Genehmigungen an Eisenbahnunternehmen und der Richtlinie 2001\/14\/EG \u00fcber die Zuweisung von Fahrwegkapazit\u00e4t der Eisenbahn, die Erhebung von Entgelten f\u00fcr die Nutzung von Eisenbahninfrastruktur und die Sicherheitsbescheinigung um.<\/p>\n\n\n\n<p>Er legt in seinem Artikel 4 fest, dass der Untersuchungssachverst\u00e4ndige der US und sein Stellvertreter weder eine Verbindung mit dem Dienst f\u00fcr Sicherheit und Interoperabilit\u00e4t der Eisenbahnen (DSIE) noch mit einer Regulierungsstelle im Eisenbahnsektor oder mit einer anderen Instanz, deren Interessen mit der Untersuchungsaufgabe kollidieren k\u00f6nnten, haben d\u00fcrfen.<\/p>\n\n\n\n<div class=\"wp-block-spacer\" style=\"height: 100px\" aria-hidden=\"true\">\u00a0<\/div>\n\n\n\n<h2 class=\"wp-block-heading\"><a id=\"budget\"><\/a>Budget<\/h2>\n\n\n\n<p>Die Schaffung eines organischen Haushaltsfonds durch Artikel 4 des Programmgesetzes vom 23. Dezember 2009 soll der Untersuchungsstelle f\u00fcr Eisenbahnunf\u00e4lle und <br>\n-ereignisse die finanzielle Unabh\u00e4ngigkeit garantieren.<\/p>\n\n\n\n<p>Die Einnahmen des Fonds setzten sich zusammen aus Beitr\u00e4gen f\u00fcr die Betriebskosten der USEE, die vom Infrastrukturbetreiber und den Eisenbahnunternehmen getragen werden.<\/p>\n\n\n\n<p>Die H\u00f6he des Jahreshaushaltsplans der USEE wird durch den K\u00f6nig per Erlass, nach Beratung mit dem Ministerrat, bestimmt.<\/p>\n\n\n\n<p>Der Jahreshaushaltsplan wird durch den Untersuchungssachverst\u00e4ndigen in Zusammenarbeit mit der Abteilung Haushalt und Gesch\u00e4ftsf\u00fchrungskontrolle festgelegt. Er ist dazu befugt, diverse Ausgaben im genannten finanziellen Rahmen zu genehmigen, Vertr\u00e4ge abzuschlie\u00dfen usw. Der Ministerielle Erlass vom 4. Oktober 2011 legt die an den Untersuchungssachverst\u00e4ndigen \u00fcbertragenen Befugnisse in Finanzangelegenheiten fest.<\/p>\n","protected":false},"excerpt":{"rendered":"<p>Untersuchungsstelle\u00a0Rechtsgrundlage Budget Die Untersuchungsstelle Bei der Untersuchungsstelle handelt es sich um eine Stelle, die geschaffen wurde, um Sicherheits\u00fcberpr\u00fcfungen bei Eisenbahnunf\u00e4llen oder -st\u00f6rungen durchzuf\u00fchren. Die Untersuchungsstelle f\u00fcr Eisenbahnunf\u00e4lle und -ereigniss (USEE) ist funktional unabh\u00e4ngig von der Sicherheitsbeh\u00f6rde, den Regulierungsstellen im Eisenbahnsektor und allen Instanzen, deren Interessen mit der Untersuchungsaufgabe kollidieren k\u00f6nnten. Die Entscheidung, eine Untersuchung durchzuf\u00fchren,<\/p>\n","protected":false},"author":1,"featured_media":1364,"parent":0,"menu_order":0,"comment_status":"closed","ping_status":"closed","template":"","meta":{"_acf_changed":false,"footnotes":""},"class_list":["post-2037","page","type-page","status-publish","has-post-thumbnail","hentry"],"acf":[],"featured_image_urls_v2":{"full":["https:\/\/www.rail-investigation.be\/wp-content\/uploads\/2020\/02\/bandeau_page_2.jpg",1800,450,false],"thumbnail":["https:\/\/www.rail-investigation.be\/wp-content\/uploads\/2020\/02\/bandeau_page_2-150x150.jpg",150,150,true],"medium":["https:\/\/www.rail-investigation.be\/wp-content\/uploads\/2020\/02\/bandeau_page_2-300x75.jpg",300,75,true],"medium_large":["https:\/\/www.rail-investigation.be\/wp-content\/uploads\/2020\/02\/bandeau_page_2-768x192.jpg",640,160,true],"large":["https:\/\/www.rail-investigation.be\/wp-content\/uploads\/2020\/02\/bandeau_page_2-1024x256.jpg",640,160,true],"1536x1536":["https:\/\/www.rail-investigation.be\/wp-content\/uploads\/2020\/02\/bandeau_page_2-1536x384.jpg",1536,384,true],"2048x2048":["https:\/\/www.rail-investigation.be\/wp-content\/uploads\/2020\/02\/bandeau_page_2.jpg",1800,450,false]},"post_excerpt_stackable_v2":"<p>Untersuchungsstelle\u00a0Rechtsgrundlage Budget Die Untersuchungsstelle Bei der Untersuchungsstelle handelt es sich um eine Stelle, die geschaffen wurde, um Sicherheits\u00fcberpr\u00fcfungen bei Eisenbahnunf\u00e4llen oder -st\u00f6rungen durchzuf\u00fchren. Die Untersuchungsstelle f\u00fcr Eisenbahnunf\u00e4lle und -ereigniss (USEE) ist funktional unabh\u00e4ngig von der Sicherheitsbeh\u00f6rde, den Regulierungsstellen im Eisenbahnsektor und allen Instanzen, deren Interessen mit der Untersuchungsaufgabe kollidieren k\u00f6nnten. Die Entscheidung, eine Untersuchung durchzuf\u00fchren, wird eigenst\u00e4ndig und auf Grundlage verschiedener Kriterien getroffen, insbesondere aufgrund der Umst\u00e4nde oder weil sie eine M\u00f6glichkeit zur Verbesserung der Sicherheit darstellt. Die Untersuchungen werden durch die Untersuchungsbeauftragten der USEE durchgef\u00fchrt, mit der Unterst\u00fctzung externer Experten, je nach den erforderlichen Kompetenzen. Die Untersuchungen sind so&hellip;<\/p>\n","category_list_v2":"","author_info_v2":{"name":"ci","url":"https:\/\/www.rail-investigation.be\/de\/author\/ci\/"},"comments_num_v2":"0 comments","yoast_head":"<!-- This site is optimized with the Yoast SEO plugin v27.4 - https:\/\/yoast.com\/product\/yoast-seo-wordpress\/ -->\n<title>Die Untersuchungsstelle - Organisme d&#039;Enqu\u00eate sur les Accidents et Incidents Ferroviaires<\/title>\n<meta name=\"robots\" content=\"index, follow, max-snippet:-1, max-image-preview:large, max-video-preview:-1\" \/>\n<link rel=\"canonical\" href=\"https:\/\/www.rail-investigation.be\/de\/organisme\/\" \/>\n<meta property=\"og:locale\" content=\"de_DE\" \/>\n<meta property=\"og:type\" content=\"article\" \/>\n<meta property=\"og:title\" content=\"Die Untersuchungsstelle - Organisme d&#039;Enqu\u00eate sur les Accidents et Incidents Ferroviaires\" \/>\n<meta property=\"og:description\" content=\"Untersuchungsstelle\u00a0Rechtsgrundlage Budget Die Untersuchungsstelle Bei der Untersuchungsstelle handelt es sich um eine Stelle, die geschaffen wurde, um Sicherheits\u00fcberpr\u00fcfungen bei Eisenbahnunf\u00e4llen oder -st\u00f6rungen durchzuf\u00fchren. Die Untersuchungsstelle f\u00fcr Eisenbahnunf\u00e4lle und -ereigniss (USEE) ist funktional unabh\u00e4ngig von der Sicherheitsbeh\u00f6rde, den Regulierungsstellen im Eisenbahnsektor und allen Instanzen, deren Interessen mit der Untersuchungsaufgabe kollidieren k\u00f6nnten. Die Entscheidung, eine Untersuchung durchzuf\u00fchren,\" \/>\n<meta property=\"og:url\" content=\"https:\/\/www.rail-investigation.be\/de\/organisme\/\" \/>\n<meta property=\"og:site_name\" content=\"Organisme d&#039;Enqu\u00eate sur les Accidents et Incidents Ferroviaires\" \/>\n<meta property=\"article:modified_time\" content=\"2021-12-08T14:35:47+00:00\" \/>\n<meta property=\"og:image\" content=\"https:\/\/www.rail-investigation.be\/wp-content\/uploads\/2020\/02\/bandeau_page_2.jpg\" \/>\n\t<meta property=\"og:image:width\" content=\"1800\" \/>\n\t<meta property=\"og:image:height\" content=\"450\" \/>\n\t<meta property=\"og:image:type\" content=\"image\/jpeg\" \/>\n<meta name=\"twitter:card\" content=\"summary_large_image\" \/>\n<meta name=\"twitter:label1\" content=\"Gesch\u00e4tzte Lesezeit\" \/>\n\t<meta name=\"twitter:data1\" content=\"4\u00a0Minuten\" \/>\n<script type=\"application\/ld+json\" class=\"yoast-schema-graph\">{\"@context\":\"https:\\\/\\\/schema.org\",\"@graph\":[{\"@type\":\"WebPage\",\"@id\":\"https:\\\/\\\/www.rail-investigation.be\\\/de\\\/organisme\\\/\",\"url\":\"https:\\\/\\\/www.rail-investigation.be\\\/de\\\/organisme\\\/\",\"name\":\"Die Untersuchungsstelle - Organisme d&#039;Enqu\u00eate sur les Accidents et Incidents Ferroviaires\",\"isPartOf\":{\"@id\":\"https:\\\/\\\/www.rail-investigation.be\\\/#website\"},\"primaryImageOfPage\":{\"@id\":\"https:\\\/\\\/www.rail-investigation.be\\\/de\\\/organisme\\\/#primaryimage\"},\"image\":{\"@id\":\"https:\\\/\\\/www.rail-investigation.be\\\/de\\\/organisme\\\/#primaryimage\"},\"thumbnailUrl\":\"https:\\\/\\\/www.rail-investigation.be\\\/wp-content\\\/uploads\\\/2020\\\/02\\\/bandeau_page_2.jpg\",\"datePublished\":\"2020-02-17T09:48:36+00:00\",\"dateModified\":\"2021-12-08T14:35:47+00:00\",\"breadcrumb\":{\"@id\":\"https:\\\/\\\/www.rail-investigation.be\\\/de\\\/organisme\\\/#breadcrumb\"},\"inLanguage\":\"de\",\"potentialAction\":[{\"@type\":\"ReadAction\",\"target\":[\"https:\\\/\\\/www.rail-investigation.be\\\/de\\\/organisme\\\/\"]}]},{\"@type\":\"ImageObject\",\"inLanguage\":\"de\",\"@id\":\"https:\\\/\\\/www.rail-investigation.be\\\/de\\\/organisme\\\/#primaryimage\",\"url\":\"https:\\\/\\\/www.rail-investigation.be\\\/wp-content\\\/uploads\\\/2020\\\/02\\\/bandeau_page_2.jpg\",\"contentUrl\":\"https:\\\/\\\/www.rail-investigation.be\\\/wp-content\\\/uploads\\\/2020\\\/02\\\/bandeau_page_2.jpg\",\"width\":1800,\"height\":450},{\"@type\":\"BreadcrumbList\",\"@id\":\"https:\\\/\\\/www.rail-investigation.be\\\/de\\\/organisme\\\/#breadcrumb\",\"itemListElement\":[{\"@type\":\"ListItem\",\"position\":1,\"name\":\"Accueil\",\"item\":\"https:\\\/\\\/www.rail-investigation.be\\\/de\\\/\"},{\"@type\":\"ListItem\",\"position\":2,\"name\":\"Die Untersuchungsstelle\"}]},{\"@type\":\"WebSite\",\"@id\":\"https:\\\/\\\/www.rail-investigation.be\\\/#website\",\"url\":\"https:\\\/\\\/www.rail-investigation.be\\\/\",\"name\":\"Organisme d&#039;Enqu\u00eate sur les Accidents et Incidents Ferroviaires\",\"description\":\"\",\"potentialAction\":[{\"@type\":\"SearchAction\",\"target\":{\"@type\":\"EntryPoint\",\"urlTemplate\":\"https:\\\/\\\/www.rail-investigation.be\\\/?s={search_term_string}\"},\"query-input\":{\"@type\":\"PropertyValueSpecification\",\"valueRequired\":true,\"valueName\":\"search_term_string\"}}],\"inLanguage\":\"de\"}]}<\/script>\n<!-- \/ Yoast SEO plugin. -->","yoast_head_json":{"title":"Die Untersuchungsstelle - Organisme d&#039;Enqu\u00eate sur les Accidents et Incidents Ferroviaires","robots":{"index":"index","follow":"follow","max-snippet":"max-snippet:-1","max-image-preview":"max-image-preview:large","max-video-preview":"max-video-preview:-1"},"canonical":"https:\/\/www.rail-investigation.be\/de\/organisme\/","og_locale":"de_DE","og_type":"article","og_title":"Die Untersuchungsstelle - Organisme d&#039;Enqu\u00eate sur les Accidents et Incidents Ferroviaires","og_description":"Untersuchungsstelle\u00a0Rechtsgrundlage Budget Die Untersuchungsstelle Bei der Untersuchungsstelle handelt es sich um eine Stelle, die geschaffen wurde, um Sicherheits\u00fcberpr\u00fcfungen bei Eisenbahnunf\u00e4llen oder -st\u00f6rungen durchzuf\u00fchren. Die Untersuchungsstelle f\u00fcr Eisenbahnunf\u00e4lle und -ereigniss (USEE) ist funktional unabh\u00e4ngig von der Sicherheitsbeh\u00f6rde, den Regulierungsstellen im Eisenbahnsektor und allen Instanzen, deren Interessen mit der Untersuchungsaufgabe kollidieren k\u00f6nnten. Die Entscheidung, eine Untersuchung durchzuf\u00fchren,","og_url":"https:\/\/www.rail-investigation.be\/de\/organisme\/","og_site_name":"Organisme d&#039;Enqu\u00eate sur les Accidents et Incidents Ferroviaires","article_modified_time":"2021-12-08T14:35:47+00:00","og_image":[{"width":1800,"height":450,"url":"https:\/\/www.rail-investigation.be\/wp-content\/uploads\/2020\/02\/bandeau_page_2.jpg","type":"image\/jpeg"}],"twitter_card":"summary_large_image","twitter_misc":{"Gesch\u00e4tzte Lesezeit":"4\u00a0Minuten"},"schema":{"@context":"https:\/\/schema.org","@graph":[{"@type":"WebPage","@id":"https:\/\/www.rail-investigation.be\/de\/organisme\/","url":"https:\/\/www.rail-investigation.be\/de\/organisme\/","name":"Die Untersuchungsstelle - Organisme d&#039;Enqu\u00eate sur les Accidents et Incidents Ferroviaires","isPartOf":{"@id":"https:\/\/www.rail-investigation.be\/#website"},"primaryImageOfPage":{"@id":"https:\/\/www.rail-investigation.be\/de\/organisme\/#primaryimage"},"image":{"@id":"https:\/\/www.rail-investigation.be\/de\/organisme\/#primaryimage"},"thumbnailUrl":"https:\/\/www.rail-investigation.be\/wp-content\/uploads\/2020\/02\/bandeau_page_2.jpg","datePublished":"2020-02-17T09:48:36+00:00","dateModified":"2021-12-08T14:35:47+00:00","breadcrumb":{"@id":"https:\/\/www.rail-investigation.be\/de\/organisme\/#breadcrumb"},"inLanguage":"de","potentialAction":[{"@type":"ReadAction","target":["https:\/\/www.rail-investigation.be\/de\/organisme\/"]}]},{"@type":"ImageObject","inLanguage":"de","@id":"https:\/\/www.rail-investigation.be\/de\/organisme\/#primaryimage","url":"https:\/\/www.rail-investigation.be\/wp-content\/uploads\/2020\/02\/bandeau_page_2.jpg","contentUrl":"https:\/\/www.rail-investigation.be\/wp-content\/uploads\/2020\/02\/bandeau_page_2.jpg","width":1800,"height":450},{"@type":"BreadcrumbList","@id":"https:\/\/www.rail-investigation.be\/de\/organisme\/#breadcrumb","itemListElement":[{"@type":"ListItem","position":1,"name":"Accueil","item":"https:\/\/www.rail-investigation.be\/de\/"},{"@type":"ListItem","position":2,"name":"Die Untersuchungsstelle"}]},{"@type":"WebSite","@id":"https:\/\/www.rail-investigation.be\/#website","url":"https:\/\/www.rail-investigation.be\/","name":"Organisme d&#039;Enqu\u00eate sur les Accidents et Incidents Ferroviaires","description":"","potentialAction":[{"@type":"SearchAction","target":{"@type":"EntryPoint","urlTemplate":"https:\/\/www.rail-investigation.be\/?s={search_term_string}"},"query-input":{"@type":"PropertyValueSpecification","valueRequired":true,"valueName":"search_term_string"}}],"inLanguage":"de"}]}},"_links":{"self":[{"href":"https:\/\/www.rail-investigation.be\/de\/wp-json\/wp\/v2\/pages\/2037","targetHints":{"allow":["GET"]}}],"collection":[{"href":"https:\/\/www.rail-investigation.be\/de\/wp-json\/wp\/v2\/pages"}],"about":[{"href":"https:\/\/www.rail-investigation.be\/de\/wp-json\/wp\/v2\/types\/page"}],"author":[{"embeddable":true,"href":"https:\/\/www.rail-investigation.be\/de\/wp-json\/wp\/v2\/users\/1"}],"replies":[{"embeddable":true,"href":"https:\/\/www.rail-investigation.be\/de\/wp-json\/wp\/v2\/comments?post=2037"}],"version-history":[{"count":29,"href":"https:\/\/www.rail-investigation.be\/de\/wp-json\/wp\/v2\/pages\/2037\/revisions"}],"predecessor-version":[{"id":4288,"href":"https:\/\/www.rail-investigation.be\/de\/wp-json\/wp\/v2\/pages\/2037\/revisions\/4288"}],"wp:featuredmedia":[{"embeddable":true,"href":"https:\/\/www.rail-investigation.be\/de\/wp-json\/wp\/v2\/media\/1364"}],"wp:attachment":[{"href":"https:\/\/www.rail-investigation.be\/de\/wp-json\/wp\/v2\/media?parent=2037"}],"curies":[{"name":"wp","href":"https:\/\/api.w.org\/{rel}","templated":true}]}}